{"id":6328,"date":"2023-07-02T18:35:19","date_gmt":"2023-07-02T16:35:19","guid":{"rendered":"https:\/\/www.visitamalfi.info\/les-environs-damalfi\/fiordo-di-furore\/"},"modified":"2023-07-07T16:49:14","modified_gmt":"2023-07-07T14:49:14","slug":"fiordo-di-furore","status":"publish","type":"page","link":"https:\/\/www.visitamalfi.info\/fr\/les-environs-damalfi\/fiordo-di-furore\/","title":{"rendered":"Fiordo di Furore"},"content":{"rendered":"\t\t<div data-elementor-type=\"wp-post\" data-elementor-id=\"6328\" class=\"elementor elementor-6328\">\n\t\t\t\t\t\t<section class=\"elementor-section elementor-top-section elementor-element elementor-element-a245c11 elementor-section-full_width elementor-section-height-default elementor-section-height-default\" data-id=\"a245c11\" data-element_type=\"section\" data-e-type=\"section\">\n\t\t\t\t\t\t<div class=\"elementor-container elementor-column-gap-default\">\n\t\t\t\t\t<div class=\"elementor-column elementor-col-100 elementor-top-column elementor-element elementor-element-d803bdd\" data-id=\"d803bdd\" data-element_type=\"column\" data-e-type=\"column\">\n\t\t\t<div class=\"elementor-widget-wrap elementor-element-populated\">\n\t\t\t\t\t\t<div class=\"elementor-element elementor-element-3d0d982 elementor-widget elementor-widget-shortcode\" data-id=\"3d0d982\" data-element_type=\"widget\" data-e-type=\"widget\" data-widget_type=\"shortcode.default\">\n\t\t\t\t<div class=\"elementor-widget-container\">\n\t\t\t\t\t\t\t<div class=\"elementor-shortcode\"><div\n\tid=\"maxslider-5449\"\n\tclass=\"maxslider\"\n\tdata-autoslide=\"true\" data-effect=\"fade\" data-slide-speed=\"5000\" data-height=\"700\" data-height_unit=\"px\" data-navigation=\"arrows\" data-navigation_fg_color=\"\" data-navigation_bg_color=\"\" data-image_size=\"full\" data-arrows=\"1\" data-arrows_fg_color=\"\" data-arrows_bg_color=\"\" >\n\t\t<div class=\"maxslider-slide maxslider-5449-slide-0\">\n\t\t<div class=\"maxslider-slide-content maxslider-align-center maxslider-align-middle\">\n\t\t\t<div class=\"maxslider-slide-content-pad\">\n\t\t\t\t\n\t\t\t\t\n\t\t\t\t\t\t\t<\/div>\n\t\t<\/div>\n\t<\/div>\n\t<div class=\"maxslider-slide maxslider-5449-slide-1\">\n\t\t<div class=\"maxslider-slide-content maxslider-align-center maxslider-align-middle\">\n\t\t\t<div class=\"maxslider-slide-content-pad\">\n\t\t\t\t\n\t\t\t\t\n\t\t\t\t\t\t\t<\/div>\n\t\t<\/div>\n\t<\/div>\n<\/div>\n<\/div>\n\t\t\t\t\t\t<\/div>\n\t\t\t\t<\/div>\n\t\t\t\t\t<\/div>\n\t\t<\/div>\n\t\t\t\t\t<\/div>\n\t\t<\/section>\n\t\t\t\t<section class=\"elementor-section elementor-top-section elementor-element elementor-element-6bc47b6 elementor-section-full_width elementor-section-height-default elementor-section-height-default\" data-id=\"6bc47b6\" data-element_type=\"section\" data-e-type=\"section\" data-settings=\"{&quot;background_background&quot;:&quot;classic&quot;}\">\n\t\t\t\t\t\t<div class=\"elementor-container elementor-column-gap-default\">\n\t\t\t\t\t<div class=\"elementor-column elementor-col-50 elementor-top-column elementor-element elementor-element-2f81196\" data-id=\"2f81196\" data-element_type=\"column\" data-e-type=\"column\" data-settings=\"{&quot;background_background&quot;:&quot;classic&quot;}\">\n\t\t\t<div class=\"elementor-widget-wrap elementor-element-populated\">\n\t\t\t\t\t\t<div class=\"elementor-element elementor-element-ec3726f elementor-widget elementor-widget-heading\" data-id=\"ec3726f\" data-element_type=\"widget\" data-e-type=\"widget\" data-widget_type=\"heading.default\">\n\t\t\t\t<div class=\"elementor-widget-container\">\n\t\t\t\t\t<h2 class=\"elementor-heading-title elementor-size-default\">Fjord de Furore<\/h2>\t\t\t\t<\/div>\n\t\t\t\t<\/div>\n\t\t\t\t<div class=\"elementor-element elementor-element-328d89f elementor-widget elementor-widget-text-editor\" data-id=\"328d89f\" data-element_type=\"widget\" data-e-type=\"widget\" data-widget_type=\"text-editor.default\">\n\t\t\t\t<div class=\"elementor-widget-container\">\n\t\t\t\t\t\t\t\t\t<p>Au milieu de falaises abruptes, entre Conca de Marini et Praiano, se dresse le Fiordo di Furore. Une merveille de la nature qui vous laissera bouche b\u00e9e. Incrust\u00e9 dans le bras de mer naturel, le pont suspendu suscite l&#8217;\u00e9merveillement des touristes du monde entier. Vous y trouverez l&#8217;une des plages les plus caract\u00e9ristiques et les plus recherch\u00e9es de la c\u00f4te amalfitaine, avec une eau cristalline et un espace r\u00e9serv\u00e9. <\/p>\n<p><span style=\"letter-spacing: 0em;\">La fascination exerc\u00e9e par le Fiordo di Furore est renforc\u00e9e par la l\u00e9gende qui l&#8217;entoure. On dit en effet que ce bras de mer naturel a \u00e9t\u00e9 cr\u00e9\u00e9 par le Diable lui-m\u00eame.<\/span> Il fait partie des sites de la c\u00f4te amalfitaine inscrits au patrimoine mondial de l&#8217;UNESCO depuis 1997.<\/p>\n\t\t\t\t\t\t\t\t<\/div>\n\t\t\t\t<\/div>\n\t\t\t\t<div class=\"elementor-element elementor-element-5d66636 elementor-widget-divider--view-line elementor-widget elementor-widget-divider\" data-id=\"5d66636\" data-element_type=\"widget\" data-e-type=\"widget\" data-widget_type=\"divider.default\">\n\t\t\t\t<div class=\"elementor-widget-container\">\n\t\t\t\t\t\t\t<div class=\"elementor-divider\">\n\t\t\t<span class=\"elementor-divider-separator\">\n\t\t\t\t\t\t<\/span>\n\t\t<\/div>\n\t\t\t\t\t\t<\/div>\n\t\t\t\t<\/div>\n\t\t\t\t\t<\/div>\n\t\t<\/div>\n\t\t\t\t<div class=\"elementor-column elementor-col-50 elementor-top-column elementor-element elementor-element-d48e7d3\" data-id=\"d48e7d3\" data-element_type=\"column\" data-e-type=\"column\">\n\t\t\t<div class=\"elementor-widget-wrap\">\n\t\t\t\t\t\t\t<\/div>\n\t\t<\/div>\n\t\t\t\t\t<\/div>\n\t\t<\/section>\n\t\t\t\t<section class=\"elementor-section elementor-top-section elementor-element elementor-element-4dd3cfa elementor-section-full_width elementor-section-height-default elementor-section-height-default\" data-id=\"4dd3cfa\" data-element_type=\"section\" data-e-type=\"section\" data-settings=\"{&quot;background_background&quot;:&quot;classic&quot;}\">\n\t\t\t\t\t\t<div class=\"elementor-container elementor-column-gap-no\">\n\t\t\t\t\t<div class=\"elementor-column elementor-col-100 elementor-top-column elementor-element elementor-element-7a6e3a84\" data-id=\"7a6e3a84\" data-element_type=\"column\" data-e-type=\"column\" data-settings=\"{&quot;background_background&quot;:&quot;classic&quot;}\">\n\t\t\t<div class=\"elementor-widget-wrap elementor-element-populated\">\n\t\t\t\t\t\t<div class=\"elementor-element elementor-element-5e46a7e7 gallery-spacing-custom elementor-widget elementor-widget-image-gallery\" data-id=\"5e46a7e7\" data-element_type=\"widget\" data-e-type=\"widget\" data-widget_type=\"image-gallery.default\">\n\t\t\t\t<div class=\"elementor-widget-container\">\n\t\t\t\t\t\t\t<div class=\"elementor-image-gallery\">\n\t\t\t<div id='gallery-1' class='gallery galleryid-6328 gallery-columns-5 gallery-size-ignition_article_media'><figure class='gallery-item'>\n\t\t\t<div class='gallery-icon landscape'>\n\t\t\t\t<a data-elementor-open-lightbox=\"yes\" data-elementor-lightbox-slideshow=\"5e46a7e7\" data-elementor-lightbox-title=\"Fiordo-di-Furore-Yacht\" data-e-action-hash=\"#elementor-action%3Aaction%3Dlightbox%26settings%3DeyJpZCI6NjQzMiwidXJsIjoiaHR0cHM6XC9cL3d3dy52aXNpdGFtYWxmaS5pbmZvXC93cC1jb250ZW50XC91cGxvYWRzXC8yMDIzXC8wN1wvRmlvcmRvLWRpLUZ1cm9yZS1ZYWNodC0xLmpwZyIsInNsaWRlc2hvdyI6IjVlNDZhN2U3In0%3D\" href='https:\/\/www.visitamalfi.info\/wp-content\/uploads\/2023\/07\/Fiordo-di-Furore-Yacht-1.jpg' data-lightbox=\"gal[6328]\"><img fetchpriority=\"high\" decoding=\"async\" width=\"510\" height=\"510\" src=\"https:\/\/www.visitamalfi.info\/wp-content\/uploads\/2023\/07\/Fiordo-di-Furore-Yacht-1-510x510.jpg\" class=\"attachment-ignition_article_media size-ignition_article_media\" alt=\"\" srcset=\"https:\/\/www.visitamalfi.info\/wp-content\/uploads\/2023\/07\/Fiordo-di-Furore-Yacht-1-510x510.jpg 510w, https:\/\/www.visitamalfi.info\/wp-content\/uploads\/2023\/07\/Fiordo-di-Furore-Yacht-1-150x150.jpg 150w, https:\/\/www.visitamalfi.info\/wp-content\/uploads\/2023\/07\/Fiordo-di-Furore-Yacht-1-160x160.jpg 160w\" sizes=\"(max-width: 510px) 100vw, 510px\" \/><\/a>\n\t\t\t<\/div><\/figure><figure class='gallery-item'>\n\t\t\t<div class='gallery-icon portrait'>\n\t\t\t\t<a data-elementor-open-lightbox=\"yes\" data-elementor-lightbox-slideshow=\"5e46a7e7\" data-elementor-lightbox-title=\"fiordo di furore 1\" data-e-action-hash=\"#elementor-action%3Aaction%3Dlightbox%26settings%3DeyJpZCI6NTQzNywidXJsIjoiaHR0cHM6XC9cL3d3dy52aXNpdGFtYWxmaS5pbmZvXC93cC1jb250ZW50XC91cGxvYWRzXC8yMDIzXC8wN1wvZmlvcmRvLWRpLWZ1cm9yZS0xLnBuZyIsInNsaWRlc2hvdyI6IjVlNDZhN2U3In0%3D\" href='https:\/\/www.visitamalfi.info\/wp-content\/uploads\/2023\/07\/fiordo-di-furore-1.png' data-lightbox=\"gal[6328]\"><img decoding=\"async\" width=\"510\" height=\"510\" src=\"https:\/\/www.visitamalfi.info\/wp-content\/uploads\/2023\/07\/fiordo-di-furore-1-510x510.png\" class=\"attachment-ignition_article_media size-ignition_article_media\" alt=\"\" srcset=\"https:\/\/www.visitamalfi.info\/wp-content\/uploads\/2023\/07\/fiordo-di-furore-1-510x510.png 510w, https:\/\/www.visitamalfi.info\/wp-content\/uploads\/2023\/07\/fiordo-di-furore-1-150x150.png 150w, https:\/\/www.visitamalfi.info\/wp-content\/uploads\/2023\/07\/fiordo-di-furore-1-160x160.png 160w\" sizes=\"(max-width: 510px) 100vw, 510px\" \/><\/a>\n\t\t\t<\/div><\/figure><figure class='gallery-item'>\n\t\t\t<div class='gallery-icon landscape'>\n\t\t\t\t<a data-elementor-open-lightbox=\"yes\" data-elementor-lightbox-slideshow=\"5e46a7e7\" data-elementor-lightbox-title=\"FIORDO_Immagine027\" data-e-action-hash=\"#elementor-action%3Aaction%3Dlightbox%26settings%3DeyJpZCI6NTUyNSwidXJsIjoiaHR0cHM6XC9cL3d3dy52aXNpdGFtYWxmaS5pbmZvXC93cC1jb250ZW50XC91cGxvYWRzXC8yMDIzXC8wN1wvRklPUkRPX0ltbWFnaW5lMDI3LmpwZyIsInNsaWRlc2hvdyI6IjVlNDZhN2U3In0%3D\" href='https:\/\/www.visitamalfi.info\/wp-content\/uploads\/2023\/07\/FIORDO_Immagine027.jpg' data-lightbox=\"gal[6328]\"><img decoding=\"async\" width=\"510\" height=\"510\" src=\"https:\/\/www.visitamalfi.info\/wp-content\/uploads\/2023\/07\/FIORDO_Immagine027-510x510.jpg\" class=\"attachment-ignition_article_media size-ignition_article_media\" alt=\"\" srcset=\"https:\/\/www.visitamalfi.info\/wp-content\/uploads\/2023\/07\/FIORDO_Immagine027-510x510.jpg 510w, https:\/\/www.visitamalfi.info\/wp-content\/uploads\/2023\/07\/FIORDO_Immagine027-300x300.jpg 300w, https:\/\/www.visitamalfi.info\/wp-content\/uploads\/2023\/07\/FIORDO_Immagine027-1024x1024.jpg 1024w, https:\/\/www.visitamalfi.info\/wp-content\/uploads\/2023\/07\/FIORDO_Immagine027-150x150.jpg 150w, https:\/\/www.visitamalfi.info\/wp-content\/uploads\/2023\/07\/FIORDO_Immagine027-768x768.jpg 768w, https:\/\/www.visitamalfi.info\/wp-content\/uploads\/2023\/07\/FIORDO_Immagine027-1536x1536.jpg 1536w, https:\/\/www.visitamalfi.info\/wp-content\/uploads\/2023\/07\/FIORDO_Immagine027-2048x2048.jpg 2048w, https:\/\/www.visitamalfi.info\/wp-content\/uploads\/2023\/07\/FIORDO_Immagine027-160x160.jpg 160w\" sizes=\"(max-width: 510px) 100vw, 510px\" \/><\/a>\n\t\t\t<\/div><\/figure><figure class='gallery-item'>\n\t\t\t<div class='gallery-icon landscape'>\n\t\t\t\t<a data-elementor-open-lightbox=\"yes\" data-elementor-lightbox-slideshow=\"5e46a7e7\" data-elementor-lightbox-title=\"Fiordo-dall&#039;alto\" data-e-action-hash=\"#elementor-action%3Aaction%3Dlightbox%26settings%3DeyJpZCI6NjQyMiwidXJsIjoiaHR0cHM6XC9cL3d3dy52aXNpdGFtYWxmaS5pbmZvXC93cC1jb250ZW50XC91cGxvYWRzXC8yMDIzXC8wN1wvRmlvcmRvLWRhbGxhbHRvLmpwZyIsInNsaWRlc2hvdyI6IjVlNDZhN2U3In0%3D\" href='https:\/\/www.visitamalfi.info\/wp-content\/uploads\/2023\/07\/Fiordo-dallalto.jpg' data-lightbox=\"gal[6328]\"><img loading=\"lazy\" decoding=\"async\" width=\"510\" height=\"510\" src=\"https:\/\/www.visitamalfi.info\/wp-content\/uploads\/2023\/07\/Fiordo-dallalto-510x510.jpg\" class=\"attachment-ignition_article_media size-ignition_article_media\" alt=\"\" srcset=\"https:\/\/www.visitamalfi.info\/wp-content\/uploads\/2023\/07\/Fiordo-dallalto-510x510.jpg 510w, https:\/\/www.visitamalfi.info\/wp-content\/uploads\/2023\/07\/Fiordo-dallalto-150x150.jpg 150w, https:\/\/www.visitamalfi.info\/wp-content\/uploads\/2023\/07\/Fiordo-dallalto-160x160.jpg 160w\" sizes=\"(max-width: 510px) 100vw, 510px\" \/><\/a>\n\t\t\t<\/div><\/figure><figure class='gallery-item'>\n\t\t\t<div class='gallery-icon portrait'>\n\t\t\t\t<a data-elementor-open-lightbox=\"yes\" data-elementor-lightbox-slideshow=\"5e46a7e7\" data-elementor-lightbox-title=\"Yachting-Conca-Amalfi-Coast\" data-e-action-hash=\"#elementor-action%3Aaction%3Dlightbox%26settings%3DeyJpZCI6NjQyNywidXJsIjoiaHR0cHM6XC9cL3d3dy52aXNpdGFtYWxmaS5pbmZvXC93cC1jb250ZW50XC91cGxvYWRzXC8yMDIzXC8wN1wvWWFjaHRpbmctQ29uY2EtQW1hbGZpLUNvYXN0LmpwZyIsInNsaWRlc2hvdyI6IjVlNDZhN2U3In0%3D\" href='https:\/\/www.visitamalfi.info\/wp-content\/uploads\/2023\/07\/Yachting-Conca-Amalfi-Coast.jpg' data-lightbox=\"gal[6328]\"><img loading=\"lazy\" decoding=\"async\" width=\"510\" height=\"510\" src=\"https:\/\/www.visitamalfi.info\/wp-content\/uploads\/2023\/07\/Yachting-Conca-Amalfi-Coast-510x510.jpg\" class=\"attachment-ignition_article_media size-ignition_article_media\" alt=\"\" srcset=\"https:\/\/www.visitamalfi.info\/wp-content\/uploads\/2023\/07\/Yachting-Conca-Amalfi-Coast-510x510.jpg 510w, https:\/\/www.visitamalfi.info\/wp-content\/uploads\/2023\/07\/Yachting-Conca-Amalfi-Coast-150x150.jpg 150w, https:\/\/www.visitamalfi.info\/wp-content\/uploads\/2023\/07\/Yachting-Conca-Amalfi-Coast-160x160.jpg 160w\" sizes=\"(max-width: 510px) 100vw, 510px\" \/><\/a>\n\t\t\t<\/div><\/figure>\n\t\t<\/div>\n\t\t<\/div>\n\t\t\t\t\t\t<\/div>\n\t\t\t\t<\/div>\n\t\t\t\t\t<\/div>\n\t\t<\/div>\n\t\t\t\t\t<\/div>\n\t\t<\/section>\n\t\t\t\t<section class=\"elementor-section elementor-top-section elementor-element elementor-element-1ca2cc26 elementor-section-full_width elementor-section-height-default elementor-section-height-default\" data-id=\"1ca2cc26\" data-element_type=\"section\" data-e-type=\"section\">\n\t\t\t\t\t\t<div class=\"elementor-container elementor-column-gap-no\">\n\t\t\t\t\t<div class=\"elementor-column elementor-col-100 elementor-top-column elementor-element elementor-element-332b32d5\" data-id=\"332b32d5\" data-element_type=\"column\" data-e-type=\"column\">\n\t\t\t<div class=\"elementor-widget-wrap elementor-element-populated\">\n\t\t\t\t\t\t<div class=\"elementor-element elementor-element-1c05c27 elementor-widget elementor-widget-google_maps\" data-id=\"1c05c27\" data-element_type=\"widget\" data-e-type=\"widget\" data-widget_type=\"google_maps.default\">\n\t\t\t\t<div class=\"elementor-widget-container\">\n\t\t\t\t\t\t\t<div class=\"elementor-custom-embed\">\n\t\t\t<iframe loading=\"lazy\"\n\t\t\t\t\tsrc=\"https:\/\/maps.google.com\/maps?q=Fiordo%20di%20Furore%2C%20Amalfi&#038;t=m&#038;z=16&#038;output=embed&#038;iwloc=near\"\n\t\t\t\t\ttitle=\"Fiordo di Furore, Amalfi\"\n\t\t\t\t\taria-label=\"Fiordo di Furore, Amalfi\"\n\t\t\t><\/iframe>\n\t\t<\/div>\n\t\t\t\t\t\t<\/div>\n\t\t\t\t<\/div>\n\t\t\t\t\t<\/div>\n\t\t<\/div>\n\t\t\t\t\t<\/div>\n\t\t<\/section>\n\t\t\t\t<\/div>\n\t\t","protected":false},"excerpt":{"rendered":"<p>Fjord de Furore Au milieu de falaises abruptes, entre Conca de Marini et Praiano, se dresse le Fiordo di Furore. Une merveille de la nature qui vous laissera bouche b\u00e9e. [&hellip;]<\/p>\n","protected":false},"author":1,"featured_media":5437,"parent":6303,"menu_order":0,"comment_status":"closed","ping_status":"closed","template":"elementor_header_footer","meta":{"inline_featured_image":false,"footnotes":""},"class_list":["post-6328","page","type-page","status-publish","has-post-thumbnail","hentry"],"yoast_head":"<!-- This site is optimized with the Yoast SEO plugin v27.3 - https:\/\/yoast.com\/product\/yoast-seo-wordpress\/ -->\n<title>Fiordo di Furore - Visit Amalfi<\/title>\n<meta name=\"robots\" content=\"index, follow, max-snippet:-1, max-image-preview:large, max-video-preview:-1\" \/>\n<link rel=\"canonical\" href=\"https:\/\/www.visitamalfi.info\/fr\/les-environs-damalfi\/fiordo-di-furore\/\" \/>\n<meta property=\"og:locale\" content=\"fr_FR\" \/>\n<meta property=\"og:type\" content=\"article\" \/>\n<meta property=\"og:title\" content=\"Fiordo di Furore - Visit Amalfi\" \/>\n<meta property=\"og:description\" content=\"Fjord de Furore Au milieu de falaises abruptes, entre Conca de Marini et Praiano, se dresse le Fiordo di Furore. Une merveille de la nature qui vous laissera bouche b\u00e9e. [&hellip;]\" \/>\n<meta property=\"og:url\" content=\"https:\/\/www.visitamalfi.info\/fr\/les-environs-damalfi\/fiordo-di-furore\/\" \/>\n<meta property=\"og:site_name\" content=\"Visit Amalfi\" \/>\n<meta property=\"article:publisher\" content=\"https:\/\/www.facebook.com\/visitamalfiofficial\" \/>\n<meta property=\"article:modified_time\" content=\"2023-07-07T14:49:14+00:00\" \/>\n<meta property=\"og:image\" content=\"https:\/\/www.visitamalfi.info\/wp-content\/uploads\/2023\/07\/fiordo-di-furore-1-683x1024.png\" \/>\n\t<meta property=\"og:image:width\" content=\"683\" \/>\n\t<meta property=\"og:image:height\" content=\"1024\" \/>\n\t<meta property=\"og:image:type\" content=\"image\/png\" \/>\n<meta name=\"twitter:card\" content=\"summary_large_image\" \/>\n<meta name=\"twitter:label1\" content=\"Dur\u00e9e de lecture estim\u00e9e\" \/>\n\t<meta name=\"twitter:data1\" content=\"1 minute\" \/>\n<script type=\"application\/ld+json\" class=\"yoast-schema-graph\">{\"@context\":\"https:\\\/\\\/schema.org\",\"@graph\":[{\"@type\":\"WebPage\",\"@id\":\"https:\\\/\\\/www.visitamalfi.info\\\/fr\\\/les-environs-damalfi\\\/fiordo-di-furore\\\/\",\"url\":\"https:\\\/\\\/www.visitamalfi.info\\\/fr\\\/les-environs-damalfi\\\/fiordo-di-furore\\\/\",\"name\":\"Fiordo di Furore - Visit Amalfi\",\"isPartOf\":{\"@id\":\"https:\\\/\\\/www.visitamalfi.info\\\/fr\\\/#website\"},\"primaryImageOfPage\":{\"@id\":\"https:\\\/\\\/www.visitamalfi.info\\\/fr\\\/les-environs-damalfi\\\/fiordo-di-furore\\\/#primaryimage\"},\"image\":{\"@id\":\"https:\\\/\\\/www.visitamalfi.info\\\/fr\\\/les-environs-damalfi\\\/fiordo-di-furore\\\/#primaryimage\"},\"thumbnailUrl\":\"https:\\\/\\\/www.visitamalfi.info\\\/wp-content\\\/uploads\\\/2023\\\/07\\\/fiordo-di-furore-1.png\",\"datePublished\":\"2023-07-02T16:35:19+00:00\",\"dateModified\":\"2023-07-07T14:49:14+00:00\",\"breadcrumb\":{\"@id\":\"https:\\\/\\\/www.visitamalfi.info\\\/fr\\\/les-environs-damalfi\\\/fiordo-di-furore\\\/#breadcrumb\"},\"inLanguage\":\"fr-FR\",\"potentialAction\":[{\"@type\":\"ReadAction\",\"target\":[\"https:\\\/\\\/www.visitamalfi.info\\\/fr\\\/les-environs-damalfi\\\/fiordo-di-furore\\\/\"]}]},{\"@type\":\"ImageObject\",\"inLanguage\":\"fr-FR\",\"@id\":\"https:\\\/\\\/www.visitamalfi.info\\\/fr\\\/les-environs-damalfi\\\/fiordo-di-furore\\\/#primaryimage\",\"url\":\"https:\\\/\\\/www.visitamalfi.info\\\/wp-content\\\/uploads\\\/2023\\\/07\\\/fiordo-di-furore-1.png\",\"contentUrl\":\"https:\\\/\\\/www.visitamalfi.info\\\/wp-content\\\/uploads\\\/2023\\\/07\\\/fiordo-di-furore-1.png\",\"width\":1280,\"height\":1920},{\"@type\":\"BreadcrumbList\",\"@id\":\"https:\\\/\\\/www.visitamalfi.info\\\/fr\\\/les-environs-damalfi\\\/fiordo-di-furore\\\/#breadcrumb\",\"itemListElement\":[{\"@type\":\"ListItem\",\"position\":1,\"name\":\"Home\",\"item\":\"https:\\\/\\\/www.visitamalfi.info\\\/fr\\\/\"},{\"@type\":\"ListItem\",\"position\":2,\"name\":\"Les environs d&#8217;Amalfi\",\"item\":\"https:\\\/\\\/www.visitamalfi.info\\\/fr\\\/amalfi-e-dintorni\\\/\"},{\"@type\":\"ListItem\",\"position\":3,\"name\":\"Fiordo di Furore\"}]},{\"@type\":\"WebSite\",\"@id\":\"https:\\\/\\\/www.visitamalfi.info\\\/fr\\\/#website\",\"url\":\"https:\\\/\\\/www.visitamalfi.info\\\/fr\\\/\",\"name\":\"Visit Amalfi\",\"description\":\"Amalfi Destination Official Website\",\"publisher\":{\"@id\":\"https:\\\/\\\/www.visitamalfi.info\\\/fr\\\/#organization\"},\"potentialAction\":[{\"@type\":\"SearchAction\",\"target\":{\"@type\":\"EntryPoint\",\"urlTemplate\":\"https:\\\/\\\/www.visitamalfi.info\\\/fr\\\/?s={search_term_string}\"},\"query-input\":{\"@type\":\"PropertyValueSpecification\",\"valueRequired\":true,\"valueName\":\"search_term_string\"}}],\"inLanguage\":\"fr-FR\"},{\"@type\":\"Organization\",\"@id\":\"https:\\\/\\\/www.visitamalfi.info\\\/fr\\\/#organization\",\"name\":\"Visit Amalfi\",\"url\":\"https:\\\/\\\/www.visitamalfi.info\\\/fr\\\/\",\"logo\":{\"@type\":\"ImageObject\",\"inLanguage\":\"fr-FR\",\"@id\":\"https:\\\/\\\/www.visitamalfi.info\\\/fr\\\/#\\\/schema\\\/logo\\\/image\\\/\",\"url\":\"https:\\\/\\\/www.visitamalfi.info\\\/wp-content\\\/uploads\\\/2023\\\/04\\\/visit-amalfi-logo-web.png\",\"contentUrl\":\"https:\\\/\\\/www.visitamalfi.info\\\/wp-content\\\/uploads\\\/2023\\\/04\\\/visit-amalfi-logo-web.png\",\"width\":800,\"height\":870,\"caption\":\"Visit Amalfi\"},\"image\":{\"@id\":\"https:\\\/\\\/www.visitamalfi.info\\\/fr\\\/#\\\/schema\\\/logo\\\/image\\\/\"},\"sameAs\":[\"https:\\\/\\\/www.facebook.com\\\/visitamalfiofficial\",\"https:\\\/\\\/www.instagram.com\\\/visitamalfiofficial\\\/\"]}]}<\/script>\n<!-- \/ Yoast SEO plugin. -->","yoast_head_json":{"title":"Fiordo di Furore - Visit Amalfi","robots":{"index":"index","follow":"follow","max-snippet":"max-snippet:-1","max-image-preview":"max-image-preview:large","max-video-preview":"max-video-preview:-1"},"canonical":"https:\/\/www.visitamalfi.info\/fr\/les-environs-damalfi\/fiordo-di-furore\/","og_locale":"fr_FR","og_type":"article","og_title":"Fiordo di Furore - Visit Amalfi","og_description":"Fjord de Furore Au milieu de falaises abruptes, entre Conca de Marini et Praiano, se dresse le Fiordo di Furore. Une merveille de la nature qui vous laissera bouche b\u00e9e. [&hellip;]","og_url":"https:\/\/www.visitamalfi.info\/fr\/les-environs-damalfi\/fiordo-di-furore\/","og_site_name":"Visit Amalfi","article_publisher":"https:\/\/www.facebook.com\/visitamalfiofficial","article_modified_time":"2023-07-07T14:49:14+00:00","og_image":[{"width":683,"height":1024,"url":"https:\/\/www.visitamalfi.info\/wp-content\/uploads\/2023\/07\/fiordo-di-furore-1-683x1024.png","type":"image\/png"}],"twitter_card":"summary_large_image","twitter_misc":{"Dur\u00e9e de lecture estim\u00e9e":"1 minute"},"schema":{"@context":"https:\/\/schema.org","@graph":[{"@type":"WebPage","@id":"https:\/\/www.visitamalfi.info\/fr\/les-environs-damalfi\/fiordo-di-furore\/","url":"https:\/\/www.visitamalfi.info\/fr\/les-environs-damalfi\/fiordo-di-furore\/","name":"Fiordo di Furore - Visit Amalfi","isPartOf":{"@id":"https:\/\/www.visitamalfi.info\/fr\/#website"},"primaryImageOfPage":{"@id":"https:\/\/www.visitamalfi.info\/fr\/les-environs-damalfi\/fiordo-di-furore\/#primaryimage"},"image":{"@id":"https:\/\/www.visitamalfi.info\/fr\/les-environs-damalfi\/fiordo-di-furore\/#primaryimage"},"thumbnailUrl":"https:\/\/www.visitamalfi.info\/wp-content\/uploads\/2023\/07\/fiordo-di-furore-1.png","datePublished":"2023-07-02T16:35:19+00:00","dateModified":"2023-07-07T14:49:14+00:00","breadcrumb":{"@id":"https:\/\/www.visitamalfi.info\/fr\/les-environs-damalfi\/fiordo-di-furore\/#breadcrumb"},"inLanguage":"fr-FR","potentialAction":[{"@type":"ReadAction","target":["https:\/\/www.visitamalfi.info\/fr\/les-environs-damalfi\/fiordo-di-furore\/"]}]},{"@type":"ImageObject","inLanguage":"fr-FR","@id":"https:\/\/www.visitamalfi.info\/fr\/les-environs-damalfi\/fiordo-di-furore\/#primaryimage","url":"https:\/\/www.visitamalfi.info\/wp-content\/uploads\/2023\/07\/fiordo-di-furore-1.png","contentUrl":"https:\/\/www.visitamalfi.info\/wp-content\/uploads\/2023\/07\/fiordo-di-furore-1.png","width":1280,"height":1920},{"@type":"BreadcrumbList","@id":"https:\/\/www.visitamalfi.info\/fr\/les-environs-damalfi\/fiordo-di-furore\/#breadcrumb","itemListElement":[{"@type":"ListItem","position":1,"name":"Home","item":"https:\/\/www.visitamalfi.info\/fr\/"},{"@type":"ListItem","position":2,"name":"Les environs d&#8217;Amalfi","item":"https:\/\/www.visitamalfi.info\/fr\/amalfi-e-dintorni\/"},{"@type":"ListItem","position":3,"name":"Fiordo di Furore"}]},{"@type":"WebSite","@id":"https:\/\/www.visitamalfi.info\/fr\/#website","url":"https:\/\/www.visitamalfi.info\/fr\/","name":"Visit Amalfi","description":"Amalfi Destination Official Website","publisher":{"@id":"https:\/\/www.visitamalfi.info\/fr\/#organization"},"potentialAction":[{"@type":"SearchAction","target":{"@type":"EntryPoint","urlTemplate":"https:\/\/www.visitamalfi.info\/fr\/?s={search_term_string}"},"query-input":{"@type":"PropertyValueSpecification","valueRequired":true,"valueName":"search_term_string"}}],"inLanguage":"fr-FR"},{"@type":"Organization","@id":"https:\/\/www.visitamalfi.info\/fr\/#organization","name":"Visit Amalfi","url":"https:\/\/www.visitamalfi.info\/fr\/","logo":{"@type":"ImageObject","inLanguage":"fr-FR","@id":"https:\/\/www.visitamalfi.info\/fr\/#\/schema\/logo\/image\/","url":"https:\/\/www.visitamalfi.info\/wp-content\/uploads\/2023\/04\/visit-amalfi-logo-web.png","contentUrl":"https:\/\/www.visitamalfi.info\/wp-content\/uploads\/2023\/04\/visit-amalfi-logo-web.png","width":800,"height":870,"caption":"Visit Amalfi"},"image":{"@id":"https:\/\/www.visitamalfi.info\/fr\/#\/schema\/logo\/image\/"},"sameAs":["https:\/\/www.facebook.com\/visitamalfiofficial","https:\/\/www.instagram.com\/visitamalfiofficial\/"]}]}},"_links":{"self":[{"href":"https:\/\/www.visitamalfi.info\/fr\/wp-json\/wp\/v2\/pages\/6328","targetHints":{"allow":["GET"]}}],"collection":[{"href":"https:\/\/www.visitamalfi.info\/fr\/wp-json\/wp\/v2\/pages"}],"about":[{"href":"https:\/\/www.visitamalfi.info\/fr\/wp-json\/wp\/v2\/types\/page"}],"author":[{"embeddable":true,"href":"https:\/\/www.visitamalfi.info\/fr\/wp-json\/wp\/v2\/users\/1"}],"replies":[{"embeddable":true,"href":"https:\/\/www.visitamalfi.info\/fr\/wp-json\/wp\/v2\/comments?post=6328"}],"version-history":[{"count":3,"href":"https:\/\/www.visitamalfi.info\/fr\/wp-json\/wp\/v2\/pages\/6328\/revisions"}],"predecessor-version":[{"id":6449,"href":"https:\/\/www.visitamalfi.info\/fr\/wp-json\/wp\/v2\/pages\/6328\/revisions\/6449"}],"up":[{"embeddable":true,"href":"https:\/\/www.visitamalfi.info\/fr\/wp-json\/wp\/v2\/pages\/6303"}],"wp:featuredmedia":[{"embeddable":true,"href":"https:\/\/www.visitamalfi.info\/fr\/wp-json\/wp\/v2\/media\/5437"}],"wp:attachment":[{"href":"https:\/\/www.visitamalfi.info\/fr\/wp-json\/wp\/v2\/media?parent=6328"}],"curies":[{"name":"wp","href":"https:\/\/api.w.org\/{rel}","templated":true}]}}