{"id":6321,"date":"2023-07-02T18:36:59","date_gmt":"2023-07-02T16:36:59","guid":{"rendered":"https:\/\/www.visitamalfi.info\/alrededores-de-amalfi\/sentiero-degli-dei\/"},"modified":"2023-07-12T19:06:58","modified_gmt":"2023-07-12T17:06:58","slug":"sentiero-degli-dei","status":"publish","type":"page","link":"https:\/\/www.visitamalfi.info\/es\/alrededores-de-amalfi\/sentiero-degli-dei\/","title":{"rendered":"Sentiero degli Dei"},"content":{"rendered":"\t\t<div data-elementor-type=\"wp-post\" data-elementor-id=\"6321\" class=\"elementor elementor-6321\">\n\t\t\t\t\t\t<section class=\"elementor-section elementor-top-section elementor-element elementor-element-a245c11 elementor-section-full_width elementor-section-height-default elementor-section-height-default\" data-id=\"a245c11\" data-element_type=\"section\" data-e-type=\"section\">\n\t\t\t\t\t\t<div class=\"elementor-container elementor-column-gap-default\">\n\t\t\t\t\t<div class=\"elementor-column elementor-col-100 elementor-top-column elementor-element elementor-element-d803bdd\" data-id=\"d803bdd\" data-element_type=\"column\" data-e-type=\"column\">\n\t\t\t<div class=\"elementor-widget-wrap elementor-element-populated\">\n\t\t\t\t\t\t<div class=\"elementor-element elementor-element-3d0d982 elementor-widget elementor-widget-shortcode\" data-id=\"3d0d982\" data-element_type=\"widget\" data-e-type=\"widget\" data-widget_type=\"shortcode.default\">\n\t\t\t\t<div class=\"elementor-widget-container\">\n\t\t\t\t\t\t\t<div class=\"elementor-shortcode\"><div\n\tid=\"maxslider-5497\"\n\tclass=\"maxslider\"\n\tdata-autoslide=\"true\" data-effect=\"fade\" data-slide-speed=\"5000\" data-height=\"700\" data-height_unit=\"px\" data-navigation=\"arrows\" data-navigation_fg_color=\"\" data-navigation_bg_color=\"\" data-image_size=\"full\" data-arrows=\"1\" data-arrows_fg_color=\"\" data-arrows_bg_color=\"\" >\n\t\t<div class=\"maxslider-slide maxslider-5497-slide-0\">\n\t\t<div class=\"maxslider-slide-content maxslider-align-center maxslider-align-middle\">\n\t\t\t<div class=\"maxslider-slide-content-pad\">\n\t\t\t\t\n\t\t\t\t\n\t\t\t\t\t\t\t<\/div>\n\t\t<\/div>\n\t<\/div>\n<\/div>\n<\/div>\n\t\t\t\t\t\t<\/div>\n\t\t\t\t<\/div>\n\t\t\t\t\t<\/div>\n\t\t<\/div>\n\t\t\t\t\t<\/div>\n\t\t<\/section>\n\t\t\t\t<section class=\"elementor-section elementor-top-section elementor-element elementor-element-6bc47b6 elementor-section-full_width elementor-section-height-default elementor-section-height-default\" data-id=\"6bc47b6\" data-element_type=\"section\" data-e-type=\"section\" data-settings=\"{&quot;background_background&quot;:&quot;classic&quot;}\">\n\t\t\t\t\t\t<div class=\"elementor-container elementor-column-gap-default\">\n\t\t\t\t\t<div class=\"elementor-column elementor-col-50 elementor-top-column elementor-element elementor-element-2f81196\" data-id=\"2f81196\" data-element_type=\"column\" data-e-type=\"column\" data-settings=\"{&quot;background_background&quot;:&quot;classic&quot;}\">\n\t\t\t<div class=\"elementor-widget-wrap elementor-element-populated\">\n\t\t\t\t\t\t<div class=\"elementor-element elementor-element-ec3726f elementor-widget elementor-widget-heading\" data-id=\"ec3726f\" data-element_type=\"widget\" data-e-type=\"widget\" data-widget_type=\"heading.default\">\n\t\t\t\t<div class=\"elementor-widget-container\">\n\t\t\t\t\t<h2 class=\"elementor-heading-title elementor-size-default\">Sentiero degli Dei<\/h2>\t\t\t\t<\/div>\n\t\t\t\t<\/div>\n\t\t\t\t<div class=\"elementor-element elementor-element-328d89f elementor-widget elementor-widget-text-editor\" data-id=\"328d89f\" data-element_type=\"widget\" data-e-type=\"widget\" data-widget_type=\"text-editor.default\">\n\t\t\t\t<div class=\"elementor-widget-container\">\n\t\t\t\t\t\t\t\t\t<p>El Sentiero degli Dei (Sendero de los Dioses) es una de las rutas m\u00e1s evocadoras y populares de la Costa Amalfitana entre turistas de todo el mundo. De unos 9 kil\u00f3metros de longitud, comienza en Agerola y termina en Positano en una ruta que le llenar\u00e1 los ojos y el coraz\u00f3n de la belleza de la Costa Divina. Ideal para practicar senderismo y trekking, la Senda de los Dioses no tiene parang\u00f3n en el mundo. Aqu\u00ed domina la naturaleza virgen, gracias a la ausencia total de intervenci\u00f3n humana. Cuenta la leyenda que los dioses griegos pasaron por aqu\u00ed para salvar a Ulises de las sirenas en el cercano archipi\u00e9lago de Li Galli, de ah\u00ed el evocador nombre del sendero natural m\u00e1s famoso del mundo.<\/p>\n\t\t\t\t\t\t\t\t<\/div>\n\t\t\t\t<\/div>\n\t\t\t\t<div class=\"elementor-element elementor-element-5d66636 elementor-widget-divider--view-line elementor-widget elementor-widget-divider\" data-id=\"5d66636\" data-element_type=\"widget\" data-e-type=\"widget\" data-widget_type=\"divider.default\">\n\t\t\t\t<div class=\"elementor-widget-container\">\n\t\t\t\t\t\t\t<div class=\"elementor-divider\">\n\t\t\t<span class=\"elementor-divider-separator\">\n\t\t\t\t\t\t<\/span>\n\t\t<\/div>\n\t\t\t\t\t\t<\/div>\n\t\t\t\t<\/div>\n\t\t\t\t\t<\/div>\n\t\t<\/div>\n\t\t\t\t<div class=\"elementor-column elementor-col-50 elementor-top-column elementor-element elementor-element-d48e7d3\" data-id=\"d48e7d3\" data-element_type=\"column\" data-e-type=\"column\">\n\t\t\t<div class=\"elementor-widget-wrap\">\n\t\t\t\t\t\t\t<\/div>\n\t\t<\/div>\n\t\t\t\t\t<\/div>\n\t\t<\/section>\n\t\t\t\t<section class=\"elementor-section elementor-top-section elementor-element elementor-element-467e7a3 elementor-section-full_width elementor-section-height-default elementor-section-height-default\" data-id=\"467e7a3\" data-element_type=\"section\" data-e-type=\"section\" data-settings=\"{&quot;background_background&quot;:&quot;classic&quot;}\">\n\t\t\t\t\t\t<div class=\"elementor-container elementor-column-gap-no\">\n\t\t\t\t\t<div class=\"elementor-column elementor-col-100 elementor-top-column elementor-element elementor-element-38aaa6c2\" data-id=\"38aaa6c2\" data-element_type=\"column\" data-e-type=\"column\" data-settings=\"{&quot;background_background&quot;:&quot;classic&quot;}\">\n\t\t\t<div class=\"elementor-widget-wrap elementor-element-populated\">\n\t\t\t\t\t\t<div class=\"elementor-element elementor-element-25ae0b8e gallery-spacing-custom elementor-widget elementor-widget-image-gallery\" data-id=\"25ae0b8e\" data-element_type=\"widget\" data-e-type=\"widget\" data-widget_type=\"image-gallery.default\">\n\t\t\t\t<div class=\"elementor-widget-container\">\n\t\t\t\t\t\t\t<div class=\"elementor-image-gallery\">\n\t\t\t<div id='gallery-1' class='gallery galleryid-6321 gallery-columns-4 gallery-size-ignition_article_media'><figure class='gallery-item'>\n\t\t\t<div class='gallery-icon landscape'>\n\t\t\t\t<a data-elementor-open-lightbox=\"yes\" data-elementor-lightbox-slideshow=\"25ae0b8e\" data-elementor-lightbox-title=\"Sentiero-Degli-Dei-Costiera-Amalfitana-Fotogallery-11\" data-e-action-hash=\"#elementor-action%3Aaction%3Dlightbox%26settings%3DeyJpZCI6MTk3NywidXJsIjoiaHR0cHM6XC9cL3d3dy52aXNpdGFtYWxmaS5pbmZvXC93cC1jb250ZW50XC91cGxvYWRzXC8yMDIyXC8wOVwvU2VudGllcm8tRGVnbGktRGVpLUNvc3RpZXJhLUFtYWxmaXRhbmEtRm90b2dhbGxlcnktMTEuanBnIiwic2xpZGVzaG93IjoiMjVhZTBiOGUifQ%3D%3D\" href='https:\/\/www.visitamalfi.info\/wp-content\/uploads\/2022\/09\/Sentiero-Degli-Dei-Costiera-Amalfitana-Fotogallery-11.jpg' data-lightbox=\"gal[6321]\"><img fetchpriority=\"high\" decoding=\"async\" width=\"510\" height=\"510\" src=\"https:\/\/www.visitamalfi.info\/wp-content\/uploads\/2022\/09\/Sentiero-Degli-Dei-Costiera-Amalfitana-Fotogallery-11-510x510.jpg\" class=\"attachment-ignition_article_media size-ignition_article_media\" alt=\"\" srcset=\"https:\/\/www.visitamalfi.info\/wp-content\/uploads\/2022\/09\/Sentiero-Degli-Dei-Costiera-Amalfitana-Fotogallery-11-510x510.jpg 510w, https:\/\/www.visitamalfi.info\/wp-content\/uploads\/2022\/09\/Sentiero-Degli-Dei-Costiera-Amalfitana-Fotogallery-11-150x150.jpg 150w, https:\/\/www.visitamalfi.info\/wp-content\/uploads\/2022\/09\/Sentiero-Degli-Dei-Costiera-Amalfitana-Fotogallery-11-160x160.jpg 160w\" sizes=\"(max-width: 510px) 100vw, 510px\" \/><\/a>\n\t\t\t<\/div><\/figure><figure class='gallery-item'>\n\t\t\t<div class='gallery-icon landscape'>\n\t\t\t\t<a data-elementor-open-lightbox=\"yes\" data-elementor-lightbox-slideshow=\"25ae0b8e\" data-elementor-lightbox-title=\"Sentiero degli Dei (1)\" data-e-action-hash=\"#elementor-action%3Aaction%3Dlightbox%26settings%3DeyJpZCI6MTk4NywidXJsIjoiaHR0cHM6XC9cL3d3dy52aXNpdGFtYWxmaS5pbmZvXC93cC1jb250ZW50XC91cGxvYWRzXC8yMDIyXC8wOVwvU2VudGllcm8tZGVnbGktRGVpLTEuanBnIiwic2xpZGVzaG93IjoiMjVhZTBiOGUifQ%3D%3D\" href='https:\/\/www.visitamalfi.info\/wp-content\/uploads\/2022\/09\/Sentiero-degli-Dei-1.jpg' data-lightbox=\"gal[6321]\"><img decoding=\"async\" width=\"510\" height=\"510\" src=\"https:\/\/www.visitamalfi.info\/wp-content\/uploads\/2022\/09\/Sentiero-degli-Dei-1-510x510.jpg\" class=\"attachment-ignition_article_media size-ignition_article_media\" alt=\"\" srcset=\"https:\/\/www.visitamalfi.info\/wp-content\/uploads\/2022\/09\/Sentiero-degli-Dei-1-510x510.jpg 510w, https:\/\/www.visitamalfi.info\/wp-content\/uploads\/2022\/09\/Sentiero-degli-Dei-1-150x150.jpg 150w, https:\/\/www.visitamalfi.info\/wp-content\/uploads\/2022\/09\/Sentiero-degli-Dei-1-160x160.jpg 160w\" sizes=\"(max-width: 510px) 100vw, 510px\" \/><\/a>\n\t\t\t<\/div><\/figure><figure class='gallery-item'>\n\t\t\t<div class='gallery-icon landscape'>\n\t\t\t\t<a data-elementor-open-lightbox=\"yes\" data-elementor-lightbox-slideshow=\"25ae0b8e\" data-elementor-lightbox-title=\"Sentiero degli Dei\" data-e-action-hash=\"#elementor-action%3Aaction%3Dlightbox%26settings%3DeyJpZCI6MTk5MiwidXJsIjoiaHR0cHM6XC9cL3d3dy52aXNpdGFtYWxmaS5pbmZvXC93cC1jb250ZW50XC91cGxvYWRzXC8yMDIzXC8wNVwvU2VudGllcm8tZGVnbGktRGVpLmpwZyIsInNsaWRlc2hvdyI6IjI1YWUwYjhlIn0%3D\" href='https:\/\/www.visitamalfi.info\/wp-content\/uploads\/2023\/05\/Sentiero-degli-Dei.jpg' data-lightbox=\"gal[6321]\"><img decoding=\"async\" width=\"510\" height=\"510\" src=\"https:\/\/www.visitamalfi.info\/wp-content\/uploads\/2023\/05\/Sentiero-degli-Dei-510x510.jpg\" class=\"attachment-ignition_article_media size-ignition_article_media\" alt=\"\" srcset=\"https:\/\/www.visitamalfi.info\/wp-content\/uploads\/2023\/05\/Sentiero-degli-Dei-510x510.jpg 510w, https:\/\/www.visitamalfi.info\/wp-content\/uploads\/2023\/05\/Sentiero-degli-Dei-150x150.jpg 150w, https:\/\/www.visitamalfi.info\/wp-content\/uploads\/2023\/05\/Sentiero-degli-Dei-160x160.jpg 160w\" sizes=\"(max-width: 510px) 100vw, 510px\" \/><\/a>\n\t\t\t<\/div><\/figure><figure class='gallery-item'>\n\t\t\t<div class='gallery-icon landscape'>\n\t\t\t\t<a data-elementor-open-lightbox=\"yes\" data-elementor-lightbox-slideshow=\"25ae0b8e\" data-elementor-lightbox-title=\"Sentiero-Degli-Dei-Costiera-Amalfitana-Fotogallery-\" data-e-action-hash=\"#elementor-action%3Aaction%3Dlightbox%26settings%3DeyJpZCI6MTk4MiwidXJsIjoiaHR0cHM6XC9cL3d3dy52aXNpdGFtYWxmaS5pbmZvXC93cC1jb250ZW50XC91cGxvYWRzXC8yMDIyXC8wOVwvU2VudGllcm8tRGVnbGktRGVpLUNvc3RpZXJhLUFtYWxmaXRhbmEtRm90b2dhbGxlcnktLmpwZyIsInNsaWRlc2hvdyI6IjI1YWUwYjhlIn0%3D\" href='https:\/\/www.visitamalfi.info\/wp-content\/uploads\/2022\/09\/Sentiero-Degli-Dei-Costiera-Amalfitana-Fotogallery-.jpg' data-lightbox=\"gal[6321]\"><img loading=\"lazy\" decoding=\"async\" width=\"510\" height=\"510\" src=\"https:\/\/www.visitamalfi.info\/wp-content\/uploads\/2022\/09\/Sentiero-Degli-Dei-Costiera-Amalfitana-Fotogallery--510x510.jpg\" class=\"attachment-ignition_article_media size-ignition_article_media\" alt=\"\" srcset=\"https:\/\/www.visitamalfi.info\/wp-content\/uploads\/2022\/09\/Sentiero-Degli-Dei-Costiera-Amalfitana-Fotogallery--510x510.jpg 510w, https:\/\/www.visitamalfi.info\/wp-content\/uploads\/2022\/09\/Sentiero-Degli-Dei-Costiera-Amalfitana-Fotogallery--150x150.jpg 150w, https:\/\/www.visitamalfi.info\/wp-content\/uploads\/2022\/09\/Sentiero-Degli-Dei-Costiera-Amalfitana-Fotogallery--160x160.jpg 160w\" sizes=\"(max-width: 510px) 100vw, 510px\" \/><\/a>\n\t\t\t<\/div><\/figure>\n\t\t<\/div>\n\t\t<\/div>\n\t\t\t\t\t\t<\/div>\n\t\t\t\t<\/div>\n\t\t\t\t\t<\/div>\n\t\t<\/div>\n\t\t\t\t\t<\/div>\n\t\t<\/section>\n\t\t\t\t<section class=\"elementor-section elementor-top-section elementor-element elementor-element-590d6ef8 elementor-section-full_width elementor-section-height-default elementor-section-height-default\" data-id=\"590d6ef8\" data-element_type=\"section\" data-e-type=\"section\">\n\t\t\t\t\t\t<div class=\"elementor-container elementor-column-gap-no\">\n\t\t\t\t\t<div class=\"elementor-column elementor-col-100 elementor-top-column elementor-element elementor-element-164b5150\" data-id=\"164b5150\" data-element_type=\"column\" data-e-type=\"column\">\n\t\t\t<div class=\"elementor-widget-wrap elementor-element-populated\">\n\t\t\t\t\t\t<div class=\"elementor-element elementor-element-5c173bb2 elementor-widget elementor-widget-google_maps\" data-id=\"5c173bb2\" data-element_type=\"widget\" data-e-type=\"widget\" data-widget_type=\"google_maps.default\">\n\t\t\t\t<div class=\"elementor-widget-container\">\n\t\t\t\t\t\t\t<div class=\"elementor-custom-embed\">\n\t\t\t<iframe loading=\"lazy\"\n\t\t\t\t\tsrc=\"https:\/\/maps.google.com\/maps?q=Sentiero%20degli%20Dei&#038;t=m&#038;z=16&#038;output=embed&#038;iwloc=near\"\n\t\t\t\t\ttitle=\"Sentiero degli Dei\"\n\t\t\t\t\taria-label=\"Sentiero degli Dei\"\n\t\t\t><\/iframe>\n\t\t<\/div>\n\t\t\t\t\t\t<\/div>\n\t\t\t\t<\/div>\n\t\t\t\t\t<\/div>\n\t\t<\/div>\n\t\t\t\t\t<\/div>\n\t\t<\/section>\n\t\t\t\t<\/div>\n\t\t","protected":false},"excerpt":{"rendered":"<p>Sentiero degli Dei El Sentiero degli Dei (Sendero de los Dioses) es una de las rutas m\u00e1s evocadoras y populares de la Costa Amalfitana entre turistas de todo el mundo. [&hellip;]<\/p>\n","protected":false},"author":1,"featured_media":1977,"parent":6307,"menu_order":0,"comment_status":"closed","ping_status":"closed","template":"elementor_header_footer","meta":{"inline_featured_image":false,"footnotes":""},"class_list":["post-6321","page","type-page","status-publish","has-post-thumbnail","hentry"],"yoast_head":"<!-- This site is optimized with the Yoast SEO plugin v27.3 - https:\/\/yoast.com\/product\/yoast-seo-wordpress\/ -->\n<title>Sentiero degli Dei - Visit Amalfi<\/title>\n<meta name=\"robots\" content=\"index, follow, max-snippet:-1, max-image-preview:large, max-video-preview:-1\" \/>\n<link rel=\"canonical\" href=\"https:\/\/www.visitamalfi.info\/es\/alrededores-de-amalfi\/sentiero-degli-dei\/\" \/>\n<meta property=\"og:locale\" content=\"es_ES\" \/>\n<meta property=\"og:type\" content=\"article\" \/>\n<meta property=\"og:title\" content=\"Sentiero degli Dei - Visit Amalfi\" \/>\n<meta property=\"og:description\" content=\"Sentiero degli Dei El Sentiero degli Dei (Sendero de los Dioses) es una de las rutas m\u00e1s evocadoras y populares de la Costa Amalfitana entre turistas de todo el mundo. [&hellip;]\" \/>\n<meta property=\"og:url\" content=\"https:\/\/www.visitamalfi.info\/es\/alrededores-de-amalfi\/sentiero-degli-dei\/\" \/>\n<meta property=\"og:site_name\" content=\"Visit Amalfi\" \/>\n<meta property=\"article:publisher\" content=\"https:\/\/www.facebook.com\/visitamalfiofficial\" \/>\n<meta property=\"article:modified_time\" content=\"2023-07-12T17:06:58+00:00\" \/>\n<meta property=\"og:image\" content=\"https:\/\/www.visitamalfi.info\/wp-content\/uploads\/2022\/09\/Sentiero-Degli-Dei-Costiera-Amalfitana-Fotogallery-11.jpg\" \/>\n\t<meta property=\"og:image:width\" content=\"1920\" \/>\n\t<meta property=\"og:image:height\" content=\"1280\" \/>\n\t<meta property=\"og:image:type\" content=\"image\/jpeg\" \/>\n<meta name=\"twitter:card\" content=\"summary_large_image\" \/>\n<meta name=\"twitter:label1\" content=\"Tiempo de lectura\" \/>\n\t<meta name=\"twitter:data1\" content=\"1 minuto\" \/>\n<script type=\"application\/ld+json\" class=\"yoast-schema-graph\">{\"@context\":\"https:\\\/\\\/schema.org\",\"@graph\":[{\"@type\":\"WebPage\",\"@id\":\"https:\\\/\\\/www.visitamalfi.info\\\/es\\\/alrededores-de-amalfi\\\/sentiero-degli-dei\\\/\",\"url\":\"https:\\\/\\\/www.visitamalfi.info\\\/es\\\/alrededores-de-amalfi\\\/sentiero-degli-dei\\\/\",\"name\":\"Sentiero degli Dei - Visit Amalfi\",\"isPartOf\":{\"@id\":\"https:\\\/\\\/www.visitamalfi.info\\\/es\\\/#website\"},\"primaryImageOfPage\":{\"@id\":\"https:\\\/\\\/www.visitamalfi.info\\\/es\\\/alrededores-de-amalfi\\\/sentiero-degli-dei\\\/#primaryimage\"},\"image\":{\"@id\":\"https:\\\/\\\/www.visitamalfi.info\\\/es\\\/alrededores-de-amalfi\\\/sentiero-degli-dei\\\/#primaryimage\"},\"thumbnailUrl\":\"https:\\\/\\\/www.visitamalfi.info\\\/wp-content\\\/uploads\\\/2022\\\/09\\\/Sentiero-Degli-Dei-Costiera-Amalfitana-Fotogallery-11.jpg\",\"datePublished\":\"2023-07-02T16:36:59+00:00\",\"dateModified\":\"2023-07-12T17:06:58+00:00\",\"breadcrumb\":{\"@id\":\"https:\\\/\\\/www.visitamalfi.info\\\/es\\\/alrededores-de-amalfi\\\/sentiero-degli-dei\\\/#breadcrumb\"},\"inLanguage\":\"es\",\"potentialAction\":[{\"@type\":\"ReadAction\",\"target\":[\"https:\\\/\\\/www.visitamalfi.info\\\/es\\\/alrededores-de-amalfi\\\/sentiero-degli-dei\\\/\"]}]},{\"@type\":\"ImageObject\",\"inLanguage\":\"es\",\"@id\":\"https:\\\/\\\/www.visitamalfi.info\\\/es\\\/alrededores-de-amalfi\\\/sentiero-degli-dei\\\/#primaryimage\",\"url\":\"https:\\\/\\\/www.visitamalfi.info\\\/wp-content\\\/uploads\\\/2022\\\/09\\\/Sentiero-Degli-Dei-Costiera-Amalfitana-Fotogallery-11.jpg\",\"contentUrl\":\"https:\\\/\\\/www.visitamalfi.info\\\/wp-content\\\/uploads\\\/2022\\\/09\\\/Sentiero-Degli-Dei-Costiera-Amalfitana-Fotogallery-11.jpg\",\"width\":1920,\"height\":1280},{\"@type\":\"BreadcrumbList\",\"@id\":\"https:\\\/\\\/www.visitamalfi.info\\\/es\\\/alrededores-de-amalfi\\\/sentiero-degli-dei\\\/#breadcrumb\",\"itemListElement\":[{\"@type\":\"ListItem\",\"position\":1,\"name\":\"Home\",\"item\":\"https:\\\/\\\/www.visitamalfi.info\\\/es\\\/\"},{\"@type\":\"ListItem\",\"position\":2,\"name\":\"Alrededores de Amalfi\",\"item\":\"https:\\\/\\\/www.visitamalfi.info\\\/es\\\/amalfi-e-dintorni\\\/\"},{\"@type\":\"ListItem\",\"position\":3,\"name\":\"Sentiero degli Dei\"}]},{\"@type\":\"WebSite\",\"@id\":\"https:\\\/\\\/www.visitamalfi.info\\\/es\\\/#website\",\"url\":\"https:\\\/\\\/www.visitamalfi.info\\\/es\\\/\",\"name\":\"Visit Amalfi\",\"description\":\"Amalfi Destination Official Website\",\"publisher\":{\"@id\":\"https:\\\/\\\/www.visitamalfi.info\\\/es\\\/#organization\"},\"potentialAction\":[{\"@type\":\"SearchAction\",\"target\":{\"@type\":\"EntryPoint\",\"urlTemplate\":\"https:\\\/\\\/www.visitamalfi.info\\\/es\\\/?s={search_term_string}\"},\"query-input\":{\"@type\":\"PropertyValueSpecification\",\"valueRequired\":true,\"valueName\":\"search_term_string\"}}],\"inLanguage\":\"es\"},{\"@type\":\"Organization\",\"@id\":\"https:\\\/\\\/www.visitamalfi.info\\\/es\\\/#organization\",\"name\":\"Visit Amalfi\",\"url\":\"https:\\\/\\\/www.visitamalfi.info\\\/es\\\/\",\"logo\":{\"@type\":\"ImageObject\",\"inLanguage\":\"es\",\"@id\":\"https:\\\/\\\/www.visitamalfi.info\\\/es\\\/#\\\/schema\\\/logo\\\/image\\\/\",\"url\":\"https:\\\/\\\/www.visitamalfi.info\\\/wp-content\\\/uploads\\\/2023\\\/04\\\/visit-amalfi-logo-web.png\",\"contentUrl\":\"https:\\\/\\\/www.visitamalfi.info\\\/wp-content\\\/uploads\\\/2023\\\/04\\\/visit-amalfi-logo-web.png\",\"width\":800,\"height\":870,\"caption\":\"Visit Amalfi\"},\"image\":{\"@id\":\"https:\\\/\\\/www.visitamalfi.info\\\/es\\\/#\\\/schema\\\/logo\\\/image\\\/\"},\"sameAs\":[\"https:\\\/\\\/www.facebook.com\\\/visitamalfiofficial\",\"https:\\\/\\\/www.instagram.com\\\/visitamalfiofficial\\\/\"]}]}<\/script>\n<!-- \/ Yoast SEO plugin. -->","yoast_head_json":{"title":"Sentiero degli Dei - Visit Amalfi","robots":{"index":"index","follow":"follow","max-snippet":"max-snippet:-1","max-image-preview":"max-image-preview:large","max-video-preview":"max-video-preview:-1"},"canonical":"https:\/\/www.visitamalfi.info\/es\/alrededores-de-amalfi\/sentiero-degli-dei\/","og_locale":"es_ES","og_type":"article","og_title":"Sentiero degli Dei - Visit Amalfi","og_description":"Sentiero degli Dei El Sentiero degli Dei (Sendero de los Dioses) es una de las rutas m\u00e1s evocadoras y populares de la Costa Amalfitana entre turistas de todo el mundo. [&hellip;]","og_url":"https:\/\/www.visitamalfi.info\/es\/alrededores-de-amalfi\/sentiero-degli-dei\/","og_site_name":"Visit Amalfi","article_publisher":"https:\/\/www.facebook.com\/visitamalfiofficial","article_modified_time":"2023-07-12T17:06:58+00:00","og_image":[{"width":1920,"height":1280,"url":"https:\/\/www.visitamalfi.info\/wp-content\/uploads\/2022\/09\/Sentiero-Degli-Dei-Costiera-Amalfitana-Fotogallery-11.jpg","type":"image\/jpeg"}],"twitter_card":"summary_large_image","twitter_misc":{"Tiempo de lectura":"1 minuto"},"schema":{"@context":"https:\/\/schema.org","@graph":[{"@type":"WebPage","@id":"https:\/\/www.visitamalfi.info\/es\/alrededores-de-amalfi\/sentiero-degli-dei\/","url":"https:\/\/www.visitamalfi.info\/es\/alrededores-de-amalfi\/sentiero-degli-dei\/","name":"Sentiero degli Dei - Visit Amalfi","isPartOf":{"@id":"https:\/\/www.visitamalfi.info\/es\/#website"},"primaryImageOfPage":{"@id":"https:\/\/www.visitamalfi.info\/es\/alrededores-de-amalfi\/sentiero-degli-dei\/#primaryimage"},"image":{"@id":"https:\/\/www.visitamalfi.info\/es\/alrededores-de-amalfi\/sentiero-degli-dei\/#primaryimage"},"thumbnailUrl":"https:\/\/www.visitamalfi.info\/wp-content\/uploads\/2022\/09\/Sentiero-Degli-Dei-Costiera-Amalfitana-Fotogallery-11.jpg","datePublished":"2023-07-02T16:36:59+00:00","dateModified":"2023-07-12T17:06:58+00:00","breadcrumb":{"@id":"https:\/\/www.visitamalfi.info\/es\/alrededores-de-amalfi\/sentiero-degli-dei\/#breadcrumb"},"inLanguage":"es","potentialAction":[{"@type":"ReadAction","target":["https:\/\/www.visitamalfi.info\/es\/alrededores-de-amalfi\/sentiero-degli-dei\/"]}]},{"@type":"ImageObject","inLanguage":"es","@id":"https:\/\/www.visitamalfi.info\/es\/alrededores-de-amalfi\/sentiero-degli-dei\/#primaryimage","url":"https:\/\/www.visitamalfi.info\/wp-content\/uploads\/2022\/09\/Sentiero-Degli-Dei-Costiera-Amalfitana-Fotogallery-11.jpg","contentUrl":"https:\/\/www.visitamalfi.info\/wp-content\/uploads\/2022\/09\/Sentiero-Degli-Dei-Costiera-Amalfitana-Fotogallery-11.jpg","width":1920,"height":1280},{"@type":"BreadcrumbList","@id":"https:\/\/www.visitamalfi.info\/es\/alrededores-de-amalfi\/sentiero-degli-dei\/#breadcrumb","itemListElement":[{"@type":"ListItem","position":1,"name":"Home","item":"https:\/\/www.visitamalfi.info\/es\/"},{"@type":"ListItem","position":2,"name":"Alrededores de Amalfi","item":"https:\/\/www.visitamalfi.info\/es\/amalfi-e-dintorni\/"},{"@type":"ListItem","position":3,"name":"Sentiero degli Dei"}]},{"@type":"WebSite","@id":"https:\/\/www.visitamalfi.info\/es\/#website","url":"https:\/\/www.visitamalfi.info\/es\/","name":"Visit Amalfi","description":"Amalfi Destination Official Website","publisher":{"@id":"https:\/\/www.visitamalfi.info\/es\/#organization"},"potentialAction":[{"@type":"SearchAction","target":{"@type":"EntryPoint","urlTemplate":"https:\/\/www.visitamalfi.info\/es\/?s={search_term_string}"},"query-input":{"@type":"PropertyValueSpecification","valueRequired":true,"valueName":"search_term_string"}}],"inLanguage":"es"},{"@type":"Organization","@id":"https:\/\/www.visitamalfi.info\/es\/#organization","name":"Visit Amalfi","url":"https:\/\/www.visitamalfi.info\/es\/","logo":{"@type":"ImageObject","inLanguage":"es","@id":"https:\/\/www.visitamalfi.info\/es\/#\/schema\/logo\/image\/","url":"https:\/\/www.visitamalfi.info\/wp-content\/uploads\/2023\/04\/visit-amalfi-logo-web.png","contentUrl":"https:\/\/www.visitamalfi.info\/wp-content\/uploads\/2023\/04\/visit-amalfi-logo-web.png","width":800,"height":870,"caption":"Visit Amalfi"},"image":{"@id":"https:\/\/www.visitamalfi.info\/es\/#\/schema\/logo\/image\/"},"sameAs":["https:\/\/www.facebook.com\/visitamalfiofficial","https:\/\/www.instagram.com\/visitamalfiofficial\/"]}]}},"_links":{"self":[{"href":"https:\/\/www.visitamalfi.info\/es\/wp-json\/wp\/v2\/pages\/6321","targetHints":{"allow":["GET"]}}],"collection":[{"href":"https:\/\/www.visitamalfi.info\/es\/wp-json\/wp\/v2\/pages"}],"about":[{"href":"https:\/\/www.visitamalfi.info\/es\/wp-json\/wp\/v2\/types\/page"}],"author":[{"embeddable":true,"href":"https:\/\/www.visitamalfi.info\/es\/wp-json\/wp\/v2\/users\/1"}],"replies":[{"embeddable":true,"href":"https:\/\/www.visitamalfi.info\/es\/wp-json\/wp\/v2\/comments?post=6321"}],"version-history":[{"count":5,"href":"https:\/\/www.visitamalfi.info\/es\/wp-json\/wp\/v2\/pages\/6321\/revisions"}],"predecessor-version":[{"id":7962,"href":"https:\/\/www.visitamalfi.info\/es\/wp-json\/wp\/v2\/pages\/6321\/revisions\/7962"}],"up":[{"embeddable":true,"href":"https:\/\/www.visitamalfi.info\/es\/wp-json\/wp\/v2\/pages\/6307"}],"wp:featuredmedia":[{"embeddable":true,"href":"https:\/\/www.visitamalfi.info\/es\/wp-json\/wp\/v2\/media\/1977"}],"wp:attachment":[{"href":"https:\/\/www.visitamalfi.info\/es\/wp-json\/wp\/v2\/media?parent=6321"}],"curies":[{"name":"wp","href":"https:\/\/api.w.org\/{rel}","templated":true}]}}