{"id":18086,"date":"2023-07-13T09:51:09","date_gmt":"2023-07-13T07:51:09","guid":{"rendered":"https:\/\/www.visitamalfi.info\/politica-de-privacidad-y-cookies\/"},"modified":"2024-04-18T20:38:52","modified_gmt":"2024-04-18T18:38:52","slug":"politica-de-privacidad-y-cookies","status":"publish","type":"page","link":"https:\/\/www.visitamalfi.info\/es\/politica-de-privacidad-y-cookies\/","title":{"rendered":"Pol\u00edtica de privacidad y cookies"},"content":{"rendered":"<p>Esta p\u00e1gina describe c\u00f3mo se gestiona el sitio en lo que respecta al tratamiento de los datos personales de los usuarios que lo consultan.<br \/>\nSe trata de una divulgaci\u00f3n realizada de conformidad con el Reglamento UE 2016\/679 de 27 de abril de 2016<strong>(GDPR<\/strong>) y el Art. 13 del Decreto Legislativo n. 196\/2003 &#8211; C\u00f3digo para la protecci\u00f3n de los datos personales &#8211; a quienes interact\u00faan con los servicios web de <strong>Visit Amalfi<\/strong>, accesibles por medios telem\u00e1ticos desde las direcciones:<\/p>\n<p><strong><a href=\"https:\/\/visitamalfi.info\" target=\"_blank\" rel=\"noopener noreferrer\">https:\/\/visitamalfi.info<\/a><\/strong><\/p>\n<p>correspondientes a las p\u00e1ginas de inicio del sitio propiedad del <strong>Ayuntamiento de Amalfi (SA)<\/strong><\/p>\n<p>Esta informaci\u00f3n se proporciona \u00fanicamente para los sitios web mencionados y no para otros sitios web que el usuario pueda consultar a trav\u00e9s de enlaces.<\/p>\n<h2>EL &#8220;TITULAR&#8221; DEL TRATAMIENTO<\/h2>\n<p>El Responsable del Tratamiento es el <strong>Ayuntamiento de Amalfi<\/strong>, con domicilio social en <strong>Largo Francesco Amodio &#8211; 84011 Amalfi (SA)<\/strong>.<\/p>\n<h2>CONTROLADORES DE DATOS<\/h2>\n<p>La lista completa y actualizada de las partes responsables designadas est\u00e1 disponible previa solicitud en nuestra oficina.<\/p>\n<h2>TIPOS DE DATOS TRATADOS<\/h2>\n<h3>Datos de navegaci\u00f3n<\/h3>\n<p>Los sistemas inform\u00e1ticos y los procedimientos de software utilizados para hacer funcionar este sitio web adquieren, en el curso de su funcionamiento normal, ciertos datos personales cuya transmisi\u00f3n est\u00e1 impl\u00edcita en el uso de los protocolos de comunicaci\u00f3n de Internet. Esta informaci\u00f3n no se recoge para ser asociada a interesados identificados, pero por su propia naturaleza podr\u00eda, mediante su tratamiento y asociaci\u00f3n con datos en poder de terceros, permitir identificar a los usuarios. Esta categor\u00eda de datos incluye las direcciones IP o los nombres de dominio de los ordenadores utilizados por los usuarios que se conectan al sitio, las direcciones en notaci\u00f3n URI (Identificador Uniforme de Recursos) de los recursos solicitados, la hora de la solicitud, el m\u00e9todo utilizado para enviar la solicitud al servidor, el tama\u00f1o del archivo obtenido como respuesta, el c\u00f3digo num\u00e9rico que indica el estado de la respuesta dada por el servidor (correcto, error, etc.) y otros par\u00e1metros relativos al sistema operativo y al entorno inform\u00e1tico del usuario. Estos datos se utilizan con el \u00fanico fin de obtener informaci\u00f3n estad\u00edstica an\u00f3nima sobre el uso del sitio y comprobar su correcto funcionamiento. Los datos podr\u00edan utilizarse para determinar la responsabilidad en caso de hipot\u00e9ticos delitos inform\u00e1ticos contra el sitio.<\/p>\n<h3>Datos comunicados voluntariamente por el usuario<\/h3>\n<p>Excepto los datos de navegaci\u00f3n y las cookies utilizadas en el sitio web <strong>Visit Amalfi<\/strong><strong> <\/strong>siempre eres libre de facilitar tus datos personales.<br \/>\nLas solicitudes de informaci\u00f3n y\/o presupuestos conllevan la obtenci\u00f3n de tus datos de contacto, necesarios para responder, as\u00ed como todos los datos personales incluidos en la comunicaci\u00f3n.<\/p>\n<p>Los datos personales recogidos se tratar\u00e1n de conformidad con el Art. 6 del RGPD.<br \/>\nDichos datos recogidos por el Responsable a efectos de la eventual prestaci\u00f3n del servicio incluyen:<br \/>\n&#8211; datos personales y de contacto, como nombre, apellidos, direcci\u00f3n, n\u00famero de tel\u00e9fono, correo electr\u00f3nico y otros datos de contacto;<br \/>\n&#8211; datos fiscales;<br \/>\n&#8211; cualquier otro dato que considere oportuno comunicar.<\/p>\n<p>Para la compra de servicios ofrecidos a trav\u00e9s de nuestro sitio web, el suministro de datos es indispensable y obligatorio para la conclusi\u00f3n del pedido.<\/p>\n<p>Las interacciones con terceros procesadores de pagos se rigen por la pol\u00edtica de privacidad de la organizaci\u00f3n que los proporciona.<\/p>\n<p>&nbsp;<\/p>\n<h2>COMUNICACI\u00d3N Y DIFUSI\u00d3N DE DATOS<\/h2>\n<p>Los datos personales que nos facilitas se utilizan \u00fanicamente con el fin de realizar el servicio o prestaci\u00f3n solicitados y no se comunican a terceros, salvo en los siguientes posibles casos:<\/p>\n<ul>\n<li>proveedores independientes que podr\u00e1n tratar los Datos Personales necesarios para el cumplimiento de las funciones que se les encomienden, pero no podr\u00e1n utilizarlos para otros fines, sin perjuicio de las garant\u00edas previstas por la ley;<\/li>\n<li>personas, empresas o despachos profesionales que prestan asistencia y asesoramiento en materia contable, administrativa, jur\u00eddica, fiscal, financiera y t\u00e9cnica;<\/li>\n<li>sujetos cuyo derecho de acceso a los datos est\u00e9 reconocido por ley o por orden de las autoridades.<\/li>\n<\/ul>\n<p>Los servicios de pago se subcontratan a terceros proveedores, a los que revelar\u00e1s tus datos, incluidos datos personales y datos de tarjetas de cr\u00e9dito, que actuar\u00e1n como controladores de datos aut\u00f3nomos para prestar servicios de pago de conformidad con la legislaci\u00f3n aplicable y las normas de seguridad internacionales.<br \/>\nEl tratamiento relacionado con los servicios web s\u00f3lo lo lleva a cabo el personal t\u00e9cnico encargado del tratamiento, o las personas encargadas de las operaciones ocasionales de mantenimiento. Ning\u00fan dato del servicio web se revela o difunde a terceros.<\/p>\n<h2>CONSERVACI\u00d3N DE LOS DATOS RECOGIDOS<\/h2>\n<p>Los datos personales ser\u00e1n tratados en soporte papel o inform\u00e1tico durante el tiempo necesario para alcanzar los fines para los que fueron recogidos o, en cualquier caso, durante el tiempo necesario para conocer, ejercitar y defender ante los tribunales nuestros derechos y los derechos de los usuarios.<\/p>\n<h2>PROTECCI\u00d3N DE DATOS<\/h2>\n<p>Nos comprometemos a proteger los datos personales de nuestros usuarios. Por este motivo, hemos establecido y adoptamos las medidas t\u00e9cnicas y organizativas adecuadas para garantizar la seguridad de los datos personales facilitados.<br \/>\nEn particular:<\/p>\n<ul>\n<li>Auditamos nuestras pr\u00e1cticas para las actividades de adquisici\u00f3n, almacenamiento y procesamiento de datos, incluidas las medidas de seguridad f\u00edsica, con el fin de evitar el acceso no autorizado a los sistemas;<\/li>\n<li>utilizamos tecnolog\u00edas de encriptaci\u00f3n cuando procede;<\/li>\n<li>utilizamos medidas de protecci\u00f3n mediante contrase\u00f1a cuando procede;<\/li>\n<li>Restringimos el acceso a los Datos Personales a los empleados y contratistas que necesitan acceder a dichos datos para procesarlos en nuestro nombre y bajo estrictas obligaciones contractuales de confidencialidad.<\/li>\n<\/ul>\n<h2>POL\u00cdTICA DE COOKIES<\/h2>\n<h3>Informaci\u00f3n ampliada<\/h3>\n<p>El sitio web <strong>Visit Amalfi<\/strong><strong> <\/strong>utiliza cookies y\/o tecnolog\u00edas similares para garantizar el correcto funcionamiento de los procedimientos y una mejor experiencia al utilizar las aplicaciones en l\u00ednea. En esta p\u00e1gina proporcionamos informaci\u00f3n detallada sobre el uso de cookies y tecnolog\u00edas asimiladas, c\u00f3mo se utilizan y c\u00f3mo gestionarlas, en cumplimiento de la reciente legislaci\u00f3n italiana y europea sobre las obligaciones de informaci\u00f3n y protecci\u00f3n de los usuarios de sitios web.<br \/>\nEn concreto, te informamos de que el sitio no utiliza ni utilizar\u00e1 nunca cookies de seguimiento o de elaboraci\u00f3n de perfiles, sino s\u00f3lo las estrictamente necesarias para el funcionamiento y el an\u00e1lisis estructurado del rendimiento y el tr\u00e1fico.<\/p>\n<h3>Definiciones<\/h3>\n<p>Las cookies son cadenas cortas de texto (letras y\/o n\u00fameros) que permiten al servidor web almacenar informaci\u00f3n sobre el cliente (el navegador) para reutilizarla durante la misma visita al sitio (cookies de sesi\u00f3n) o m\u00e1s tarde, incluso d\u00edas despu\u00e9s (cookies persistentes). Las cookies son almacenadas, seg\u00fan las preferencias del usuario, por el navegador individual en el dispositivo espec\u00edfico utilizado (ordenador, tableta, smartphone).<\/p>\n<h3>Tipos de cookies<\/h3>\n<p>Seg\u00fan las caracter\u00edsticas y el uso de las cookies, podemos distinguir diferentes categor\u00edas:<\/p>\n<p><strong>Cookies estrictamente necesarias. <\/strong><\/p>\n<p>Estas cookies son esenciales para el correcto funcionamiento del sitio web <strong>Visit Amalfi<\/strong><strong> <\/strong> y se utilizan para gestionar el inicio de sesi\u00f3n y el acceso a las funciones reservadas del sitio. La duraci\u00f3n de las cookies se limita estrictamente a la sesi\u00f3n de trabajo (cuando se cierra el navegador, se eliminan).<\/p>\n<p><strong>Cookies de an\u00e1lisis y rendimiento. <\/strong><\/p>\n<p>Son cookies utilizadas para recopilar y analizar de forma an\u00f3nima el tr\u00e1fico y el uso del sitio. Estas cookies, aunque no identifican al usuario, permiten, por ejemplo, detectar si el mismo usuario vuelve a conectarse en diferentes ocasiones. Tambi\u00e9n permiten controlar el sistema y mejorar su rendimiento y usabilidad. La desactivaci\u00f3n de estas cookies puede hacerse sin p\u00e9rdida de funcionalidad.<\/p>\n<p><strong>Cookies de perfil. <\/strong><\/p>\n<p>Son cookies permanentes que se utilizan para identificar (de forma an\u00f3nima y no an\u00f3nima) tus preferencias y mejorar tu experiencia de navegaci\u00f3n. El sitio web <strong>Visit Amalfi <\/strong>no utiliza cookies de este tipo.<\/p>\n<p>Las cookies utilizadas en nuestro sitio pueden consultarse a trav\u00e9s del bot\u00f3n &#8220;Personalizar&#8221; accesible en el banner de cookies del sitio.<\/p>\n<p>Para acceder al banner de cookies despu\u00e9s de guardar tus preferencias sobre el uso de cookies, puedes utilizar el bot\u00f3n &#8220;Configuraci\u00f3n de cookies&#8221; situado en la parte inferior de cada p\u00e1gina.<\/p>\n<h3>Cookies de terceros<\/h3>\n<p>Cuando visitas un sitio web, es posible que recibas cookies del sitio que est\u00e1s visitando (&#8220;cookies propias&#8221;) o de sitios gestionados por otras organizaciones (&#8220;cookies de terceros&#8221;).<\/p>\n<h3>Google Analytics<\/h3>\n<p>El sitio web <strong>Visit Amalfi<\/strong> tambi\u00e9n incluye componentes transmitidos por Google Analytics, un servicio de an\u00e1lisis de tr\u00e1fico web prestado por Google, Inc. (&#8220;Google&#8221;). De nuevo, se trata de cookies de terceros recopiladas y gestionadas de forma an\u00f3nima para supervisar y mejorar el rendimiento del sitio anfitri\u00f3n (las denominadas cookies de rendimiento). En este sitio, la cookie de Google Analytics se ha hecho an\u00f3nima para equipararla a las cookies t\u00e9cnicas. Con el uso de cookies de Google Analytics con IP anonimizada, toda la informaci\u00f3n es recopilada por Google Analytics de forma agregada.<\/p>\n<p>Para m\u00e1s informaci\u00f3n, consulta el siguiente enlace:<\/p>\n<p><strong><a href=\"https:\/\/www.google.it\/policies\/privacy\/partners\/\">https:\/\/www.google.it\/policies\/privacy\/partners\/<\/a><\/strong><\/p>\n<p>El usuario puede desactivar selectivamente la acci\u00f3n de Google Analytics mediante la configuraci\u00f3n de cookies (ver Gesti\u00f3n de cookies). Alternativamente, puedes instalar en tu navegador el componente de inhabilitaci\u00f3n proporcionado por Google y descargable en el siguiente enlace:<\/p>\n<p><a href=\"https:\/\/tools.google.com\/dlpage\/gaoptout\"><strong>https:\/\/tools.google.com\/dlpage\/gaoptout<\/strong><\/a><\/p>\n<h3>Duraci\u00f3n de las cookies<\/h3>\n<p>Algunas cookies (cookies de sesi\u00f3n) permanecen activas s\u00f3lo hasta que se cierra el navegador o se ejecuta el comando de cierre de sesi\u00f3n. Otras cookies &#8220;sobreviven&#8221; cuando se cierra el navegador y tambi\u00e9n est\u00e1n disponibles en visitas posteriores del usuario.<\/p>\n<p>Estas cookies se llaman persistentes y su duraci\u00f3n la fija el servidor cuando se crean. En algunos casos se fija una fecha de caducidad, en otros la duraci\u00f3n es ilimitada.<\/p>\n<p>Sin embargo, al navegar por las p\u00e1ginas del sitio web <strong>Visit Amalfi<\/strong>, puedes interactuar con sitios operados por terceros que pueden crear o modificar cookies persistentes y de perfil.<\/p>\n<h3>Gesti\u00f3n de cookies<\/h3>\n<p>Puedes decidir si aceptas o no las cookies utilizando la configuraci\u00f3n de cookies del sitio, que se puede cambiar mediante el bot\u00f3n &#8220;Configuraci\u00f3n de cookies&#8221; en el pie de p\u00e1gina del sitio.<\/p>\n<p>Advertencia: la desactivaci\u00f3n total o parcial de las cookies t\u00e9cnicas puede afectar al uso de las funcionalidades del sitio reservadas a los usuarios registrados. Por el contrario, la usabilidad del contenido p\u00fablico tambi\u00e9n es posible desactivando completamente las cookies. Deshabilitar las cookies de &#8220;terceros&#8221; no afecta en modo alguno a la navegabilidad.<\/p>\n<p>Puedes encontrar una lista actualizada con instrucciones sobre c\u00f3mo gestionar las cookies en los navegadores m\u00e1s utilizados en<\/p>\n<p><a href=\"https:\/\/kb.amalfiweb.it\/ikb\/gestione-cookie-nei-browser\/\">https:\/\/kb.amalfiweb.it\/ikb\/gestione-cookie-nei-browser\/<\/a><strong>.<\/strong><\/p>\n<h2>M\u00c9TODOS DE TRATAMIENTO<\/h2>\n<p>Los datos personales se procesan por medios automatizados. Se observan medidas de seguridad espec\u00edficas para evitar la p\u00e9rdida de datos, el uso il\u00edcito o incorrecto y el acceso no autorizado.<\/p>\n<h2>DERECHOS DE LAS PARTES INTERESADAS<\/h2>\n<p>Los derechos garantizados por la Normativa Aplicable pueden ejercerse poni\u00e9ndose en contacto con el Responsable del Tratamiento, mediante carta certificada con acuse de recibo dirigida al domicilio social de <strong>Visit Amalfi<\/strong> o enviando un correo electr\u00f3nico a la siguiente direcci\u00f3n <strong><a href=\"mailto:info@visitamalfi.info\" target=\"_blank\" rel=\"noopener noreferrer\">info@visitamalfi.info<\/a><\/strong><\/p>\n<p>De conformidad con la Legislaci\u00f3n Aplicable, te informamos de que tienes derecho a obtener el<\/p>\n<ol>\n<li>el origen de los datos personales;<\/li>\n<li>los fines y m\u00e9todos del tratamiento;<\/li>\n<li>la l\u00f3gica aplicada en caso de tratamiento efectuado con ayuda de instrumentos electr\u00f3nicos;<\/li>\n<li>los datos de identificaci\u00f3n del Responsable y de los Responsables;<\/li>\n<li>de los sujetos o categor\u00edas de sujetos a los que puedan comunicarse los datos personales o que puedan tener conocimiento de ellos en calidad de responsables o encargados.<\/li>\n<\/ol>\n<p>Adem\u00e1s, tienes derecho a obtener:<\/p>\n<p>(a) el acceso, la actualizaci\u00f3n, la rectificaci\u00f3n o, en su caso, la integraci\u00f3n de los datos;<\/p>\n<p>b) la supresi\u00f3n, la transformaci\u00f3n en forma an\u00f3nima o el bloqueo de los datos tratados infringiendo la ley, incluidos aquellos cuya conservaci\u00f3n no sea necesaria en relaci\u00f3n con los fines para los que fueron recogidos o posteriormente tratados;<\/p>\n<p>(c) certificaci\u00f3n de que las operaciones a que se refieren los puntos (a) y (b) hayan sido puestos en conocimiento, tambi\u00e9n por lo que se refiere a su contenido, de aquellos a quienes se hayan comunicado o difundido los datos, salvo cuando ello resulte imposible o suponga un esfuerzo manifiestamente desproporcionado en comparaci\u00f3n con el derecho protegido.<\/p>\n<p>Adem\u00e1s, tienes:<\/p>\n<p>(a) el derecho a retirar el consentimiento, en cualquier momento, si ha consentido el tratamiento de datos personales con fines comerciales y de marketing;<\/p>\n<p>(b) cuando proceda, el derecho a la portabilidad de los datos (derecho a recibir todos los datos personales que te conciernan en un formato estructurado, de uso com\u00fan y lectura mec\u00e1nica), el derecho a la limitaci\u00f3n del tratamiento de los datos personales y el derecho a la supresi\u00f3n (&#8220;derecho al olvido&#8221;);<\/p>\n<p>(c) el derecho a oponerte total o parcialmente, por motivos relacionados con tu situaci\u00f3n personal, al tratamiento de los datos personales que te conciernan, aunque sean pertinentes para la finalidad de la recogida, as\u00ed como a oponerte, en cualquier momento, al tratamiento de datos con fines de marketing, o a oponerte s\u00f3lo respecto a determinadas modalidades;<\/p>\n<p>(d) si consideras que el tratamiento de tus datos personales por parte del Responsable del tratamiento infringe el Reglamento, tienes derecho a presentar una reclamaci\u00f3n ante una autoridad de control (en el Estado miembro en el que tengas tu residencia habitual, en el Estado miembro en el que trabajes o en el Estado miembro en el que se haya producido la presunta infracci\u00f3n). La autoridad de control italiana es el Garante per la protezione dei dati personali, con sede en Piazza di Monte Citorio n.\u00ba. 121, 00186 &#8211; Roma (<strong><a href=\"http:\/\/www.garanteprivacy.it\/\">http:\/\/www.garanteprivacy.it\/.<\/a><\/strong>).<\/p>\n","protected":false},"excerpt":{"rendered":"<p>Esta p\u00e1gina describe c\u00f3mo se gestiona el sitio en lo que respecta al tratamiento de los datos personales de los usuarios que lo consultan. Se trata de una divulgaci\u00f3n realizada [&hellip;]<\/p>\n","protected":false},"author":1,"featured_media":0,"parent":0,"menu_order":0,"comment_status":"closed","ping_status":"closed","template":"","meta":{"inline_featured_image":false,"footnotes":""},"class_list":["post-18086","page","type-page","status-publish","hentry"],"yoast_head":"<!-- This site is optimized with the Yoast SEO plugin v27.3 - https:\/\/yoast.com\/product\/yoast-seo-wordpress\/ -->\n<title>Pol\u00edtica de privacidad y cookies - Visit Amalfi<\/title>\n<meta name=\"robots\" content=\"index, follow, max-snippet:-1, max-image-preview:large, max-video-preview:-1\" \/>\n<link rel=\"canonical\" href=\"https:\/\/www.visitamalfi.info\/es\/politica-de-privacidad-y-cookies\/\" \/>\n<meta property=\"og:locale\" content=\"es_ES\" \/>\n<meta property=\"og:type\" content=\"article\" \/>\n<meta property=\"og:title\" content=\"Pol\u00edtica de privacidad y cookies - Visit Amalfi\" \/>\n<meta property=\"og:description\" content=\"Esta p\u00e1gina describe c\u00f3mo se gestiona el sitio en lo que respecta al tratamiento de los datos personales de los usuarios que lo consultan. Se trata de una divulgaci\u00f3n realizada [&hellip;]\" \/>\n<meta property=\"og:url\" content=\"https:\/\/www.visitamalfi.info\/es\/politica-de-privacidad-y-cookies\/\" \/>\n<meta property=\"og:site_name\" content=\"Visit Amalfi\" \/>\n<meta property=\"article:publisher\" content=\"https:\/\/www.facebook.com\/visitamalfiofficial\" \/>\n<meta property=\"article:modified_time\" content=\"2024-04-18T18:38:52+00:00\" \/>\n<meta name=\"twitter:card\" content=\"summary_large_image\" \/>\n<meta name=\"twitter:label1\" content=\"Tiempo de lectura\" \/>\n\t<meta name=\"twitter:data1\" content=\"12 minutos\" \/>\n<script type=\"application\/ld+json\" class=\"yoast-schema-graph\">{\"@context\":\"https:\\\/\\\/schema.org\",\"@graph\":[{\"@type\":\"WebPage\",\"@id\":\"https:\\\/\\\/www.visitamalfi.info\\\/es\\\/politica-de-privacidad-y-cookies\\\/\",\"url\":\"https:\\\/\\\/www.visitamalfi.info\\\/es\\\/politica-de-privacidad-y-cookies\\\/\",\"name\":\"Pol\u00edtica de privacidad y cookies - Visit Amalfi\",\"isPartOf\":{\"@id\":\"https:\\\/\\\/www.visitamalfi.info\\\/es\\\/#website\"},\"datePublished\":\"2023-07-13T07:51:09+00:00\",\"dateModified\":\"2024-04-18T18:38:52+00:00\",\"breadcrumb\":{\"@id\":\"https:\\\/\\\/www.visitamalfi.info\\\/es\\\/politica-de-privacidad-y-cookies\\\/#breadcrumb\"},\"inLanguage\":\"es\",\"potentialAction\":[{\"@type\":\"ReadAction\",\"target\":[\"https:\\\/\\\/www.visitamalfi.info\\\/es\\\/politica-de-privacidad-y-cookies\\\/\"]}]},{\"@type\":\"BreadcrumbList\",\"@id\":\"https:\\\/\\\/www.visitamalfi.info\\\/es\\\/politica-de-privacidad-y-cookies\\\/#breadcrumb\",\"itemListElement\":[{\"@type\":\"ListItem\",\"position\":1,\"name\":\"Home\",\"item\":\"https:\\\/\\\/www.visitamalfi.info\\\/es\\\/\"},{\"@type\":\"ListItem\",\"position\":2,\"name\":\"Pol\u00edtica de privacidad y cookies\"}]},{\"@type\":\"WebSite\",\"@id\":\"https:\\\/\\\/www.visitamalfi.info\\\/es\\\/#website\",\"url\":\"https:\\\/\\\/www.visitamalfi.info\\\/es\\\/\",\"name\":\"Visit Amalfi\",\"description\":\"Amalfi Destination Official Website\",\"publisher\":{\"@id\":\"https:\\\/\\\/www.visitamalfi.info\\\/es\\\/#organization\"},\"potentialAction\":[{\"@type\":\"SearchAction\",\"target\":{\"@type\":\"EntryPoint\",\"urlTemplate\":\"https:\\\/\\\/www.visitamalfi.info\\\/es\\\/?s={search_term_string}\"},\"query-input\":{\"@type\":\"PropertyValueSpecification\",\"valueRequired\":true,\"valueName\":\"search_term_string\"}}],\"inLanguage\":\"es\"},{\"@type\":\"Organization\",\"@id\":\"https:\\\/\\\/www.visitamalfi.info\\\/es\\\/#organization\",\"name\":\"Visit Amalfi\",\"url\":\"https:\\\/\\\/www.visitamalfi.info\\\/es\\\/\",\"logo\":{\"@type\":\"ImageObject\",\"inLanguage\":\"es\",\"@id\":\"https:\\\/\\\/www.visitamalfi.info\\\/es\\\/#\\\/schema\\\/logo\\\/image\\\/\",\"url\":\"https:\\\/\\\/www.visitamalfi.info\\\/wp-content\\\/uploads\\\/2023\\\/04\\\/visit-amalfi-logo-web.png\",\"contentUrl\":\"https:\\\/\\\/www.visitamalfi.info\\\/wp-content\\\/uploads\\\/2023\\\/04\\\/visit-amalfi-logo-web.png\",\"width\":800,\"height\":870,\"caption\":\"Visit Amalfi\"},\"image\":{\"@id\":\"https:\\\/\\\/www.visitamalfi.info\\\/es\\\/#\\\/schema\\\/logo\\\/image\\\/\"},\"sameAs\":[\"https:\\\/\\\/www.facebook.com\\\/visitamalfiofficial\",\"https:\\\/\\\/www.instagram.com\\\/visitamalfiofficial\\\/\"]}]}<\/script>\n<!-- \/ Yoast SEO plugin. -->","yoast_head_json":{"title":"Pol\u00edtica de privacidad y cookies - Visit Amalfi","robots":{"index":"index","follow":"follow","max-snippet":"max-snippet:-1","max-image-preview":"max-image-preview:large","max-video-preview":"max-video-preview:-1"},"canonical":"https:\/\/www.visitamalfi.info\/es\/politica-de-privacidad-y-cookies\/","og_locale":"es_ES","og_type":"article","og_title":"Pol\u00edtica de privacidad y cookies - Visit Amalfi","og_description":"Esta p\u00e1gina describe c\u00f3mo se gestiona el sitio en lo que respecta al tratamiento de los datos personales de los usuarios que lo consultan. Se trata de una divulgaci\u00f3n realizada [&hellip;]","og_url":"https:\/\/www.visitamalfi.info\/es\/politica-de-privacidad-y-cookies\/","og_site_name":"Visit Amalfi","article_publisher":"https:\/\/www.facebook.com\/visitamalfiofficial","article_modified_time":"2024-04-18T18:38:52+00:00","twitter_card":"summary_large_image","twitter_misc":{"Tiempo de lectura":"12 minutos"},"schema":{"@context":"https:\/\/schema.org","@graph":[{"@type":"WebPage","@id":"https:\/\/www.visitamalfi.info\/es\/politica-de-privacidad-y-cookies\/","url":"https:\/\/www.visitamalfi.info\/es\/politica-de-privacidad-y-cookies\/","name":"Pol\u00edtica de privacidad y cookies - Visit Amalfi","isPartOf":{"@id":"https:\/\/www.visitamalfi.info\/es\/#website"},"datePublished":"2023-07-13T07:51:09+00:00","dateModified":"2024-04-18T18:38:52+00:00","breadcrumb":{"@id":"https:\/\/www.visitamalfi.info\/es\/politica-de-privacidad-y-cookies\/#breadcrumb"},"inLanguage":"es","potentialAction":[{"@type":"ReadAction","target":["https:\/\/www.visitamalfi.info\/es\/politica-de-privacidad-y-cookies\/"]}]},{"@type":"BreadcrumbList","@id":"https:\/\/www.visitamalfi.info\/es\/politica-de-privacidad-y-cookies\/#breadcrumb","itemListElement":[{"@type":"ListItem","position":1,"name":"Home","item":"https:\/\/www.visitamalfi.info\/es\/"},{"@type":"ListItem","position":2,"name":"Pol\u00edtica de privacidad y cookies"}]},{"@type":"WebSite","@id":"https:\/\/www.visitamalfi.info\/es\/#website","url":"https:\/\/www.visitamalfi.info\/es\/","name":"Visit Amalfi","description":"Amalfi Destination Official Website","publisher":{"@id":"https:\/\/www.visitamalfi.info\/es\/#organization"},"potentialAction":[{"@type":"SearchAction","target":{"@type":"EntryPoint","urlTemplate":"https:\/\/www.visitamalfi.info\/es\/?s={search_term_string}"},"query-input":{"@type":"PropertyValueSpecification","valueRequired":true,"valueName":"search_term_string"}}],"inLanguage":"es"},{"@type":"Organization","@id":"https:\/\/www.visitamalfi.info\/es\/#organization","name":"Visit Amalfi","url":"https:\/\/www.visitamalfi.info\/es\/","logo":{"@type":"ImageObject","inLanguage":"es","@id":"https:\/\/www.visitamalfi.info\/es\/#\/schema\/logo\/image\/","url":"https:\/\/www.visitamalfi.info\/wp-content\/uploads\/2023\/04\/visit-amalfi-logo-web.png","contentUrl":"https:\/\/www.visitamalfi.info\/wp-content\/uploads\/2023\/04\/visit-amalfi-logo-web.png","width":800,"height":870,"caption":"Visit Amalfi"},"image":{"@id":"https:\/\/www.visitamalfi.info\/es\/#\/schema\/logo\/image\/"},"sameAs":["https:\/\/www.facebook.com\/visitamalfiofficial","https:\/\/www.instagram.com\/visitamalfiofficial\/"]}]}},"_links":{"self":[{"href":"https:\/\/www.visitamalfi.info\/es\/wp-json\/wp\/v2\/pages\/18086","targetHints":{"allow":["GET"]}}],"collection":[{"href":"https:\/\/www.visitamalfi.info\/es\/wp-json\/wp\/v2\/pages"}],"about":[{"href":"https:\/\/www.visitamalfi.info\/es\/wp-json\/wp\/v2\/types\/page"}],"author":[{"embeddable":true,"href":"https:\/\/www.visitamalfi.info\/es\/wp-json\/wp\/v2\/users\/1"}],"replies":[{"embeddable":true,"href":"https:\/\/www.visitamalfi.info\/es\/wp-json\/wp\/v2\/comments?post=18086"}],"version-history":[{"count":1,"href":"https:\/\/www.visitamalfi.info\/es\/wp-json\/wp\/v2\/pages\/18086\/revisions"}],"predecessor-version":[{"id":18087,"href":"https:\/\/www.visitamalfi.info\/es\/wp-json\/wp\/v2\/pages\/18086\/revisions\/18087"}],"wp:attachment":[{"href":"https:\/\/www.visitamalfi.info\/es\/wp-json\/wp\/v2\/media?parent=18086"}],"curies":[{"name":"wp","href":"https:\/\/api.w.org\/{rel}","templated":true}]}}