{"id":18084,"date":"2023-07-13T09:51:09","date_gmt":"2023-07-13T07:51:09","guid":{"rendered":"https:\/\/www.visitamalfi.info\/datenschutz-cookie-richtlinie\/"},"modified":"2023-07-13T09:51:09","modified_gmt":"2023-07-13T07:51:09","slug":"datenschutz-cookie-richtlinie","status":"publish","type":"page","link":"https:\/\/www.visitamalfi.info\/de\/datenschutz-cookie-richtlinie\/","title":{"rendered":"Datenschutz &amp; Cookie-Richtlinie"},"content":{"rendered":"<p>Auf dieser Seite wird beschrieben, wie die Website im Hinblick auf die Verarbeitung der personenbezogenen Daten der Nutzer, die sie konsultieren, verwaltet wird.<br \/>\nDies ist eine Offenlegung gem\u00e4\u00df der EU-Verordnung 2016\/679 vom 27. April 2016<strong>(GDPR<\/strong>) und Art. 13 des Decreto Legislativo n. 196\/2003 &#8211; Kodex f\u00fcr den Schutz personenbezogener Daten &#8211; an diejenigen, die mit den Webdiensten von <strong>Visit Amalfi<\/strong> interagieren, die \u00fcber die Adressen telematisch zug\u00e4nglich sind:<\/p>\n<p><strong><a href=\"https:\/\/visitamalfi.info\" target=\"_blank\" rel=\"noopener noreferrer\">https:\/\/visitamalfi.info<\/a><\/strong><\/p>\n<p>entsprechend den Homepages der Website der <strong>Gemeinde Amalfi (SA)<\/strong><\/p>\n<p>Diese Informationen werden nur f\u00fcr die oben genannten Websites bereitgestellt und nicht f\u00fcr andere Websites, die der Benutzer \u00fcber Links aufrufen kann.<\/p>\n<h2>DER &#8216;EIGENT\u00dcMER&#8217; DER VERARBEITUNG<\/h2>\n<p>Der f\u00fcr die Datenverarbeitung Verantwortliche ist die <strong>Gemeinde Amalfi<\/strong>, mit Sitz in <strong>Largo Francesco Amodio &#8211; 84011 Amalfi (SA)<\/strong>.<\/p>\n<h2>F\u00dcR DIE DATENVERARBEITUNG VERANTWORTLICHE<\/h2>\n<p>Die vollst\u00e4ndige und aktuelle Liste der benannten verantwortlichen Parteien ist auf Anfrage in unserem B\u00fcro erh\u00e4ltlich.<\/p>\n<h2>ARTEN VON VERARBEITETEN DATEN<\/h2>\n<h3>Navigationsdaten<\/h3>\n<p>Die Computersysteme und Softwareverfahren, die f\u00fcr den Betrieb dieser Website verwendet werden, erfassen im Rahmen ihres normalen Betriebs bestimmte personenbezogene Daten, deren \u00dcbermittlung durch die Verwendung von Internet-Kommunikationsprotokollen impliziert ist. Diese Informationen werden nicht gesammelt, um mit identifizierten Personen in Verbindung gebracht zu werden, sondern k\u00f6nnten aufgrund ihrer Beschaffenheit durch die Verarbeitung und Verkn\u00fcpfung mit Daten im Besitz von Dritten die Identifizierung von Benutzern erm\u00f6glichen. Zu dieser Datenkategorie geh\u00f6ren die IP-Adressen oder Dom\u00e4nennamen der Computer, die von den Nutzern verwendet werden, die sich mit der Website verbinden, die URI (Uniform Resource Identifier)-Notationsadressen der angeforderten Ressourcen, die Uhrzeit der Anfrage, die zur \u00dcbermittlung der Anfrage an den Server verwendete Methode, die Gr\u00f6\u00dfe der als Antwort erhaltenen Datei, der numerische Code, der den Status der vom Server gegebenen Antwort angibt (erfolgreich, Fehler usw.) und andere Parameter, die sich auf das Betriebssystem und die Computerumgebung des Nutzers beziehen. Diese Daten werden ausschlie\u00dflich dazu verwendet, um anonyme statistische Informationen \u00fcber die Nutzung der Website zu erhalten und ihr korrektes Funktionieren zu \u00fcberpr\u00fcfen. Die Daten k\u00f6nnten verwendet werden, um die Haftung im Falle von hypothetischen Computerverbrechen gegen die Website zu ermitteln.<\/p>\n<h3>Vom Benutzer freiwillig \u00fcbermittelte Daten<\/h3>\n<p>Mit Ausnahme der Navigationsdaten und Cookies, die auf der <strong>Visit Amalfi-Website<\/strong> verwendet werden<strong> <\/strong>steht es Ihnen jederzeit frei, Ihre pers\u00f6nlichen Daten anzugeben.<br \/>\nInformations- und\/oder Angebotsanfragen f\u00fchren zur Erfassung Ihrer Kontaktdaten, die f\u00fcr die Beantwortung erforderlich sind, sowie aller in der Mitteilung enthaltenen personenbezogenen Daten.<\/p>\n<p>Alle erhobenen personenbezogenen Daten werden gem\u00e4\u00df Art. 6 der GDPR.<br \/>\nZu diesen Daten, die der f\u00fcr die Verarbeitung Verantwortliche f\u00fcr die Zwecke der Bereitstellung des Dienstes erfasst, geh\u00f6ren:<br \/>\n&#8211; Personen- und Kontaktdaten, wie z.B. Vorname, Nachname, Adresse, Telefonnummer, E-Mail und andere Kontaktangaben;<br \/>\n&#8211; Steuerdaten;<br \/>\n&#8211; alle weiteren Daten, die er f\u00fcr angemessen h\u00e4lt, zu \u00fcbermitteln.<\/p>\n<p>F\u00fcr den Kauf von Dienstleistungen, die \u00fcber unsere Website angeboten werden, ist die Angabe von Daten unerl\u00e4sslich und obligatorisch f\u00fcr den Abschluss der Bestellung.<\/p>\n<p>Die Interaktion mit Drittanbietern von Zahlungsabwicklungen unterliegt den Datenschutzrichtlinien der Organisation, die sie anbietet.<\/p>\n<p>&nbsp;<\/p>\n<h2>KOMMUNIKATION UND VERBREITUNG VON DATEN<\/h2>\n<p>Die von Ihnen zur Verf\u00fcgung gestellten pers\u00f6nlichen Daten werden ausschlie\u00dflich zur Erbringung der angeforderten Dienstleistung oder Bereitstellung verwendet und nicht an Dritte weitergegeben, au\u00dfer in den folgenden m\u00f6glichen F\u00e4llen:<\/p>\n<ul>\n<li>unabh\u00e4ngige Lieferanten, die die personenbezogenen Daten verarbeiten d\u00fcrfen, die f\u00fcr die Erf\u00fcllung der ihnen anvertrauten Aufgaben erforderlich sind, sie aber nicht f\u00fcr andere Zwecke verwenden d\u00fcrfen, vorbehaltlich der gesetzlich vorgesehenen Garantien;<\/li>\n<li>Personen, Unternehmen oder professionelle Firmen, die Unterst\u00fctzung und Beratung in buchhalterischen, administrativen, rechtlichen, steuerlichen, finanziellen und technischen Angelegenheiten anbieten;<\/li>\n<li>Personen, deren Recht auf Zugang zu den Daten gesetzlich oder durch beh\u00f6rdliche Anordnungen anerkannt ist.<\/li>\n<\/ul>\n<p>Zahlungsdienste werden an Drittanbieter ausgelagert, denen Sie Ihre Daten, einschlie\u00dflich personenbezogener Daten und Kreditkartendaten, zur Verf\u00fcgung stellen. Diese agieren als eigenst\u00e4ndige Datenverantwortliche, um Zahlungsdienste in \u00dcbereinstimmung mit der geltenden Gesetzgebung und internationalen Sicherheitsstandards bereitzustellen.<br \/>\nDie Verarbeitung im Zusammenhang mit den Webdiensten wird nur von technischem Personal durchgef\u00fchrt, das f\u00fcr die Verarbeitung zust\u00e4ndig ist, oder von Personen, die f\u00fcr gelegentliche Wartungsarbeiten verantwortlich sind. Es werden keine Daten aus dem Webservice an Dritte weitergegeben oder verbreitet.<\/p>\n<h2>SPEICHERUNG DER GESAMMELTEN DATEN<\/h2>\n<p>Personenbezogene Daten werden entweder auf Papier oder per Computer so lange verarbeitet, wie es f\u00fcr die Erreichung der Zwecke, f\u00fcr die sie erhoben wurden, erforderlich ist, oder auf jeden Fall so lange, wie es f\u00fcr die Feststellung, Aus\u00fcbung und Verteidigung unserer Rechte und der Rechte der Nutzer vor Gericht erforderlich ist.<\/p>\n<h2>DATENSCHUTZ<\/h2>\n<p>Wir verpflichten uns, die pers\u00f6nlichen Daten unserer Nutzer zu sch\u00fctzen. Aus diesem Grund haben wir angemessene technische und organisatorische Ma\u00dfnahmen ergriffen, um die Sicherheit der bereitgestellten personenbezogenen Daten zu gew\u00e4hrleisten.<br \/>\nIm Besonderen:<\/p>\n<ul>\n<li>Wir \u00fcberpr\u00fcfen unsere Praktiken zur Datenerfassung, -speicherung und -verarbeitung, einschlie\u00dflich der physischen Sicherheitsma\u00dfnahmen, um einen unbefugten Zugriff auf die Systeme zu verhindern;<\/li>\n<li>setzen wir gegebenenfalls Verschl\u00fcsselungstechnologien ein;<\/li>\n<li>wir verwenden gegebenenfalls Passwortschutzma\u00dfnahmen;<\/li>\n<li>Wir beschr\u00e4nken den Zugriff auf personenbezogene Daten auf Mitarbeiter und Auftragnehmer, die den Zugriff auf diese Daten ben\u00f6tigen, um sie in unserem Auftrag und unter strengen vertraglichen Geheimhaltungspflichten zu verarbeiten.<\/li>\n<\/ul>\n<h2>COOKIE-POLITIK<\/h2>\n<h3>Erweiterte Informationen<\/h3>\n<p>Die Website <strong>Visit Amalfi<\/strong><strong> <\/strong>verwendet Cookies und\/oder \u00e4hnliche Technologien, um das ordnungsgem\u00e4\u00dfe Funktionieren von Verfahren und eine bessere Erfahrung bei der Nutzung von Online-Anwendungen zu gew\u00e4hrleisten. Auf dieser Seite bieten wir Ihnen detaillierte Informationen \u00fcber die Verwendung von Cookies und assimilierten Technologien, wie sie verwendet werden und wie sie verwaltet werden k\u00f6nnen, in \u00dcbereinstimmung mit der aktuellen italienischen und europ\u00e4ischen Gesetzgebung \u00fcber die Informations- und Schutzpflichten der Website-Nutzer.<br \/>\nInsbesondere m\u00f6chten wir Sie dar\u00fcber informieren, dass die Website keine Tracking- oder Profiling-Cookies verwendet und dies auch nie tun wird, sondern nur solche, die f\u00fcr den Betrieb und die strukturierte Analyse der Leistung und des Datenverkehrs unbedingt erforderlich sind.<\/p>\n<h3>Definitionen<\/h3>\n<p>Cookies sind kurze Textstrings (Buchstaben und\/oder Zahlen), die es dem Webserver erm\u00f6glichen, Informationen \u00fcber den Client (den Browser) zu speichern, die bei demselben Besuch der Website (Session-Cookies) oder sp\u00e4ter, sogar Tage sp\u00e4ter (permanente Cookies) wiederverwendet werden k\u00f6nnen. Cookies werden je nach den Pr\u00e4ferenzen des Benutzers von dem jeweiligen Browser auf dem verwendeten Ger\u00e4t (Computer, Tablet, Smartphone) gespeichert.<\/p>\n<h3>Arten von Cookies<\/h3>\n<p>Je nach den Eigenschaften und der Verwendung von Cookies k\u00f6nnen wir verschiedene Kategorien unterscheiden:<\/p>\n<p><strong>Streng notwendige Cookies. <\/strong><\/p>\n<p>Diese Cookies sind f\u00fcr das ordnungsgem\u00e4\u00dfe Funktionieren der Website von <strong>Visit Amalfi<\/strong> unerl\u00e4sslich<strong> <\/strong> und werden verwendet, um die Anmeldung und den Zugriff auf die reservierten Funktionen der Website zu verwalten. Die Dauer der Cookies ist streng auf die Arbeitssitzung beschr\u00e4nkt (wenn der Browser geschlossen wird, werden sie gel\u00f6scht).<\/p>\n<p><strong>Analyse und Leistungs-Cookies. <\/strong><\/p>\n<p>Dies sind Cookies, die zur anonymen Erfassung und Analyse des Website-Verkehrs und der Nutzung verwendet werden. Diese Cookies identifizieren den Benutzer zwar nicht, erm\u00f6glichen es aber beispielsweise zu erkennen, ob sich derselbe Benutzer zu verschiedenen Zeiten erneut anmeldet. Sie erm\u00f6glichen es auch, das System zu \u00fcberwachen und seine Leistung und Benutzerfreundlichkeit zu verbessern. Die Deaktivierung dieser Cookies kann ohne Funktionseinbu\u00dfen vorgenommen werden.<\/p>\n<p><strong>Profilierungs-Cookies. <\/strong><\/p>\n<p>Dabei handelt es sich um permanente Cookies, die dazu dienen, Ihre Pr\u00e4ferenzen (anonym und nicht-anonym) zu erkennen und Ihr Surferlebnis zu verbessern. Die <strong>Visit Amalfi-Website <\/strong>verwendet keine Cookies dieser Art.<\/p>\n<p>Die auf unserer Website verwendeten Cookies k\u00f6nnen \u00fcber die Schaltfl\u00e4che &#8216;Anpassen&#8217; im Cookie-Banner der Website eingesehen werden.<\/p>\n<p>Um das Cookie-Banner aufzurufen, nachdem Sie Ihre Pr\u00e4ferenzen zur Verwendung von Cookies gespeichert haben, k\u00f6nnen Sie die Schaltfl\u00e4che &#8216;Cookies-Einstellungen&#8217; unten auf jeder Seite verwenden.<\/p>\n<h3>Cookies von Dritten<\/h3>\n<p>Wenn Sie eine Website besuchen, ist es m\u00f6glich, dass Sie Cookies erhalten, die entweder von der von Ihnen besuchten Website stammen (&#8220;eigene Cookies&#8221;) oder von Websites, die von anderen Organisationen betrieben werden (&#8220;Cookies von Dritten&#8221;).<\/p>\n<h3>Google Analytics<\/h3>\n<p>Die <strong>Visit Amalfi-Website<\/strong> enth\u00e4lt auch Komponenten, die von Google Analytics \u00fcbertragen werden, einem Dienst zur Analyse des Webverkehrs, der von Google, Inc. (&#8216;Google&#8217;). Auch hier handelt es sich um Cookies von Drittanbietern, die anonym gesammelt und verwaltet werden, um die Leistung der Host-Site zu \u00fcberwachen und zu verbessern (sogenannte Performance-Cookies). Auf dieser Website wurde das Google Analytics-Cookie anonymisiert, um es mit technischen Cookies gleichzusetzen. Durch die Verwendung von Google Analytics-Cookies mit anonymisierter IP werden alle Informationen von Google Analytics in aggregierter Form gesammelt.<\/p>\n<p>Weitere Informationen finden Sie unter dem unten stehenden Link:<\/p>\n<p><strong><a href=\"https:\/\/www.google.it\/policies\/privacy\/partners\/\">https:\/\/www.google.it\/policies\/privacy\/partners\/<\/a><\/strong><\/p>\n<p>Der Benutzer kann die Aktion von Google Analytics \u00fcber die Cookie-Einstellungen selektiv deaktivieren (siehe Cookie-Verwaltung). Alternativ k\u00f6nnen Sie in Ihrem Browser die Opt-Out-Komponente installieren, die von Google zur Verf\u00fcgung gestellt wird und \u00fcber den unten stehenden Link heruntergeladen werden kann:<\/p>\n<p><a href=\"https:\/\/tools.google.com\/dlpage\/gaoptout\"><strong>https:\/\/tools.google.com\/dlpage\/gaoptout<\/strong><\/a><\/p>\n<h3>Dauer der Cookies<\/h3>\n<p>Einige Cookies (Sitzungscookies) bleiben nur so lange aktiv, bis der Browser geschlossen wird oder der Befehl zum Abmelden ausgef\u00fchrt wird. Andere Cookies &#8216;\u00fcberleben&#8217;, wenn der Browser geschlossen wird, und sind auch bei sp\u00e4teren Besuchen des Benutzers verf\u00fcgbar.<\/p>\n<p>Diese Cookies werden als persistent bezeichnet und ihre Dauer wird bei ihrer Erstellung vom Server festgelegt. In einigen F\u00e4llen ist ein Verfallsdatum festgelegt, in anderen ist die Dauer unbegrenzt.<\/p>\n<p>Wenn Sie auf den Seiten der <strong>Visit Amalfi-Website<\/strong> navigieren, k\u00f6nnen Sie jedoch mit Websites interagieren, die von Dritten betrieben werden, die m\u00f6glicherweise dauerhafte und profilierende Cookies erstellen oder \u00e4ndern.<\/p>\n<h3>Cookies verwalten<\/h3>\n<p>Sie k\u00f6nnen entscheiden, ob Sie Cookies akzeptieren m\u00f6chten oder nicht, indem Sie die Cookie-Einstellungen der Website verwenden, die Sie \u00fcber die Schaltfl\u00e4che &#8220;Cookie-Einstellungen&#8221; in der Fu\u00dfzeile der Website \u00e4ndern k\u00f6nnen.<\/p>\n<p>Achtung: Die vollst\u00e4ndige oder teilweise Deaktivierung der technischen Cookies kann die Nutzung der Funktionen der Website beeintr\u00e4chtigen, die registrierten Benutzern vorbehalten sind. Im Gegenteil, die Nutzbarkeit von \u00f6ffentlichen Inhalten ist auch durch die vollst\u00e4ndige Deaktivierung von Cookies m\u00f6glich. Die Deaktivierung von &#8216;Drittanbieter&#8217;-Cookies hat keinerlei Auswirkungen auf die Navigation.<\/p>\n<p>Eine aktualisierte Liste mit Anleitungen zum Umgang mit Cookies in den am h\u00e4ufigsten verwendeten Browsern finden Sie unter<\/p>\n<p><a href=\"https:\/\/kb.amalfiweb.it\/ikb\/gestione-cookie-nei-browser\/\">https:\/\/kb.amalfiweb.it\/ikb\/gestione-cookie-nei-browser\/<\/a><strong>.<\/strong><\/p>\n<h2>BEHANDLUNGSMETHODEN<\/h2>\n<p>Personenbezogene Daten werden mit automatisierten Mitteln verarbeitet. Es werden besondere Sicherheitsvorkehrungen getroffen, um Datenverlust, unrechtm\u00e4\u00dfige oder falsche Verwendung und unbefugten Zugriff zu verhindern.<\/p>\n<h2>RECHTE DER BETROFFENEN PARTEIEN<\/h2>\n<p>Die durch die geltenden Bestimmungen garantierten Rechte k\u00f6nnen durch Kontaktaufnahme mit dem f\u00fcr die Verarbeitung Verantwortlichen ausge\u00fcbt werden, und zwar per Einschreiben mit R\u00fcckschein an den Sitz von <strong>Visit Amalfi<\/strong> oder per E-Mail an die folgende Adresse <strong><a href=\"mailto:info@visitamalfi.info\" target=\"_blank\" rel=\"noopener noreferrer\">info@visitamalfi.info<\/a><\/strong><\/p>\n<p>Gem\u00e4\u00df dem anwendbaren Recht informieren wir Sie dar\u00fcber, dass Sie das Recht haben, die<\/p>\n<ol>\n<li>die Herkunft der personenbezogenen Daten;<\/li>\n<li>die Zwecke und Modalit\u00e4ten der Verarbeitung;<\/li>\n<li>die Logik, die im Falle einer Verarbeitung mit Hilfe elektronischer Instrumente angewandt wird;<\/li>\n<li>die Identifikationsdaten des f\u00fcr die Verarbeitung Verantwortlichen und der verantwortlichen Personen;<\/li>\n<li>der Personen oder Kategorien von Personen, denen die personenbezogenen Daten mitgeteilt werden k\u00f6nnen oder die in ihrer Eigenschaft als Verantwortliche oder Beauftragte davon Kenntnis erhalten k\u00f6nnen.<\/li>\n<\/ol>\n<p>Dar\u00fcber hinaus haben Sie das Recht, eine Auskunft zu erhalten:<\/p>\n<p>(a) Zugang, Aktualisierung, Berichtigung oder, falls gew\u00fcnscht, Erg\u00e4nzung der Daten;<\/p>\n<p>b) die L\u00f6schung, Umwandlung in anonyme Form oder Sperrung von Daten, die unter Versto\u00df gegen das Gesetz verarbeitet wurden, einschlie\u00dflich Daten, deren Speicherung in Bezug auf die Zwecke, f\u00fcr die die Daten erhoben oder anschlie\u00dfend verarbeitet wurden, nicht erforderlich ist;<\/p>\n<p>(c) eine Bescheinigung, dass die unter den Buchstaben (a) und (b) denjenigen, denen die Daten mitgeteilt oder \u00fcbermittelt wurden, auch inhaltlich zur Kenntnis gebracht worden sind, es sei denn, dies erweist sich als unm\u00f6glich oder ist mit einem im Vergleich zum gesch\u00fctzten Recht offensichtlich unverh\u00e4ltnism\u00e4\u00dfigen Aufwand verbunden.<\/p>\n<p>Dar\u00fcber hinaus haben Sie:<\/p>\n<p>(a) das Recht, seine Zustimmung jederzeit zu widerrufen, wenn er in die Verarbeitung personenbezogener Daten f\u00fcr kommerzielle und Marketingzwecke eingewilligt hat;<\/p>\n<p>(b) gegebenenfalls das Recht auf Daten\u00fcbertragbarkeit (Recht, alle Sie betreffenden personenbezogenen Daten in einem strukturierten, g\u00e4ngigen und maschinenlesbaren Format zu erhalten), das Recht auf Einschr\u00e4nkung der Verarbeitung personenbezogener Daten und das Recht auf L\u00f6schung (&#8220;Recht auf Vergessenwerden&#8221;);<\/p>\n<p>c) das Recht, aus Gr\u00fcnden, die sich aus Ihrer pers\u00f6nlichen Situation ergeben, der Verarbeitung der Sie betreffenden personenbezogenen Daten ganz oder teilweise zu widersprechen, auch wenn diese f\u00fcr den Zweck der Erhebung relevant sind, sowie jederzeit der Verarbeitung von Daten zu Marketingzwecken zu widersprechen oder nur auf bestimmte Weise zu widersprechen;<\/p>\n<p>(d) wenn Sie der Ansicht sind, dass die Verarbeitung personenbezogener Daten durch den f\u00fcr die Verarbeitung Verantwortlichen gegen die Verordnung verst\u00f6\u00dft, haben Sie das Recht, eine Beschwerde bei einer Aufsichtsbeh\u00f6rde einzureichen (in dem Mitgliedstaat, in dem Sie Ihren gew\u00f6hnlichen Aufenthalt haben, in dem Mitgliedstaat, in dem Sie arbeiten, oder in dem Mitgliedstaat, in dem der mutma\u00dfliche Versto\u00df stattgefunden hat). Die italienische Aufsichtsbeh\u00f6rde ist die Garante per la protezione dei dati personali, mit Sitz in Piazza di Monte Citorio no. 121, 00186 &#8211; Rom (<strong><a href=\"http:\/\/www.garanteprivacy.it\/\">http:\/\/www.garanteprivacy.it\/.<\/a><\/strong>).<\/p>\n","protected":false},"excerpt":{"rendered":"<p>Auf dieser Seite wird beschrieben, wie die Website im Hinblick auf die Verarbeitung der personenbezogenen Daten der Nutzer, die sie konsultieren, verwaltet wird. Dies ist eine Offenlegung gem\u00e4\u00df der EU-Verordnung [&hellip;]<\/p>\n","protected":false},"author":1,"featured_media":0,"parent":0,"menu_order":0,"comment_status":"closed","ping_status":"closed","template":"","meta":{"inline_featured_image":false,"footnotes":""},"class_list":["post-18084","page","type-page","status-publish","hentry"],"yoast_head":"<!-- This site is optimized with the Yoast SEO plugin v27.3 - https:\/\/yoast.com\/product\/yoast-seo-wordpress\/ -->\n<title>Datenschutz &amp; Cookie-Richtlinie - Visit Amalfi<\/title>\n<meta name=\"robots\" content=\"index, follow, max-snippet:-1, max-image-preview:large, max-video-preview:-1\" \/>\n<link rel=\"canonical\" href=\"https:\/\/www.visitamalfi.info\/de\/datenschutz-cookie-richtlinie\/\" \/>\n<meta property=\"og:locale\" content=\"de_DE\" \/>\n<meta property=\"og:type\" content=\"article\" \/>\n<meta property=\"og:title\" content=\"Datenschutz &amp; Cookie-Richtlinie - Visit Amalfi\" \/>\n<meta property=\"og:description\" content=\"Auf dieser Seite wird beschrieben, wie die Website im Hinblick auf die Verarbeitung der personenbezogenen Daten der Nutzer, die sie konsultieren, verwaltet wird. Dies ist eine Offenlegung gem\u00e4\u00df der EU-Verordnung [&hellip;]\" \/>\n<meta property=\"og:url\" content=\"https:\/\/www.visitamalfi.info\/de\/datenschutz-cookie-richtlinie\/\" \/>\n<meta property=\"og:site_name\" content=\"Visit Amalfi\" \/>\n<meta property=\"article:publisher\" content=\"https:\/\/www.facebook.com\/visitamalfiofficial\" \/>\n<meta name=\"twitter:card\" content=\"summary_large_image\" \/>\n<meta name=\"twitter:label1\" content=\"Gesch\u00e4tzte Lesezeit\" \/>\n\t<meta name=\"twitter:data1\" content=\"11\u00a0Minuten\" \/>\n<script type=\"application\/ld+json\" class=\"yoast-schema-graph\">{\"@context\":\"https:\\\/\\\/schema.org\",\"@graph\":[{\"@type\":\"WebPage\",\"@id\":\"https:\\\/\\\/www.visitamalfi.info\\\/de\\\/datenschutz-cookie-richtlinie\\\/\",\"url\":\"https:\\\/\\\/www.visitamalfi.info\\\/de\\\/datenschutz-cookie-richtlinie\\\/\",\"name\":\"Datenschutz &amp; Cookie-Richtlinie - Visit Amalfi\",\"isPartOf\":{\"@id\":\"https:\\\/\\\/www.visitamalfi.info\\\/de\\\/#website\"},\"datePublished\":\"2023-07-13T07:51:09+00:00\",\"breadcrumb\":{\"@id\":\"https:\\\/\\\/www.visitamalfi.info\\\/de\\\/datenschutz-cookie-richtlinie\\\/#breadcrumb\"},\"inLanguage\":\"de\",\"potentialAction\":[{\"@type\":\"ReadAction\",\"target\":[\"https:\\\/\\\/www.visitamalfi.info\\\/de\\\/datenschutz-cookie-richtlinie\\\/\"]}]},{\"@type\":\"BreadcrumbList\",\"@id\":\"https:\\\/\\\/www.visitamalfi.info\\\/de\\\/datenschutz-cookie-richtlinie\\\/#breadcrumb\",\"itemListElement\":[{\"@type\":\"ListItem\",\"position\":1,\"name\":\"Home\",\"item\":\"https:\\\/\\\/www.visitamalfi.info\\\/de\\\/\"},{\"@type\":\"ListItem\",\"position\":2,\"name\":\"Datenschutz &amp; Cookie-Richtlinie\"}]},{\"@type\":\"WebSite\",\"@id\":\"https:\\\/\\\/www.visitamalfi.info\\\/de\\\/#website\",\"url\":\"https:\\\/\\\/www.visitamalfi.info\\\/de\\\/\",\"name\":\"Visit Amalfi\",\"description\":\"Amalfi Destination Official Website\",\"publisher\":{\"@id\":\"https:\\\/\\\/www.visitamalfi.info\\\/de\\\/#organization\"},\"potentialAction\":[{\"@type\":\"SearchAction\",\"target\":{\"@type\":\"EntryPoint\",\"urlTemplate\":\"https:\\\/\\\/www.visitamalfi.info\\\/de\\\/?s={search_term_string}\"},\"query-input\":{\"@type\":\"PropertyValueSpecification\",\"valueRequired\":true,\"valueName\":\"search_term_string\"}}],\"inLanguage\":\"de\"},{\"@type\":\"Organization\",\"@id\":\"https:\\\/\\\/www.visitamalfi.info\\\/de\\\/#organization\",\"name\":\"Visit Amalfi\",\"url\":\"https:\\\/\\\/www.visitamalfi.info\\\/de\\\/\",\"logo\":{\"@type\":\"ImageObject\",\"inLanguage\":\"de\",\"@id\":\"https:\\\/\\\/www.visitamalfi.info\\\/de\\\/#\\\/schema\\\/logo\\\/image\\\/\",\"url\":\"https:\\\/\\\/www.visitamalfi.info\\\/wp-content\\\/uploads\\\/2023\\\/04\\\/visit-amalfi-logo-web.png\",\"contentUrl\":\"https:\\\/\\\/www.visitamalfi.info\\\/wp-content\\\/uploads\\\/2023\\\/04\\\/visit-amalfi-logo-web.png\",\"width\":800,\"height\":870,\"caption\":\"Visit Amalfi\"},\"image\":{\"@id\":\"https:\\\/\\\/www.visitamalfi.info\\\/de\\\/#\\\/schema\\\/logo\\\/image\\\/\"},\"sameAs\":[\"https:\\\/\\\/www.facebook.com\\\/visitamalfiofficial\",\"https:\\\/\\\/www.instagram.com\\\/visitamalfiofficial\\\/\"]}]}<\/script>\n<!-- \/ Yoast SEO plugin. -->","yoast_head_json":{"title":"Datenschutz &amp; Cookie-Richtlinie - Visit Amalfi","robots":{"index":"index","follow":"follow","max-snippet":"max-snippet:-1","max-image-preview":"max-image-preview:large","max-video-preview":"max-video-preview:-1"},"canonical":"https:\/\/www.visitamalfi.info\/de\/datenschutz-cookie-richtlinie\/","og_locale":"de_DE","og_type":"article","og_title":"Datenschutz &amp; Cookie-Richtlinie - Visit Amalfi","og_description":"Auf dieser Seite wird beschrieben, wie die Website im Hinblick auf die Verarbeitung der personenbezogenen Daten der Nutzer, die sie konsultieren, verwaltet wird. Dies ist eine Offenlegung gem\u00e4\u00df der EU-Verordnung [&hellip;]","og_url":"https:\/\/www.visitamalfi.info\/de\/datenschutz-cookie-richtlinie\/","og_site_name":"Visit Amalfi","article_publisher":"https:\/\/www.facebook.com\/visitamalfiofficial","twitter_card":"summary_large_image","twitter_misc":{"Gesch\u00e4tzte Lesezeit":"11\u00a0Minuten"},"schema":{"@context":"https:\/\/schema.org","@graph":[{"@type":"WebPage","@id":"https:\/\/www.visitamalfi.info\/de\/datenschutz-cookie-richtlinie\/","url":"https:\/\/www.visitamalfi.info\/de\/datenschutz-cookie-richtlinie\/","name":"Datenschutz &amp; Cookie-Richtlinie - Visit Amalfi","isPartOf":{"@id":"https:\/\/www.visitamalfi.info\/de\/#website"},"datePublished":"2023-07-13T07:51:09+00:00","breadcrumb":{"@id":"https:\/\/www.visitamalfi.info\/de\/datenschutz-cookie-richtlinie\/#breadcrumb"},"inLanguage":"de","potentialAction":[{"@type":"ReadAction","target":["https:\/\/www.visitamalfi.info\/de\/datenschutz-cookie-richtlinie\/"]}]},{"@type":"BreadcrumbList","@id":"https:\/\/www.visitamalfi.info\/de\/datenschutz-cookie-richtlinie\/#breadcrumb","itemListElement":[{"@type":"ListItem","position":1,"name":"Home","item":"https:\/\/www.visitamalfi.info\/de\/"},{"@type":"ListItem","position":2,"name":"Datenschutz &amp; Cookie-Richtlinie"}]},{"@type":"WebSite","@id":"https:\/\/www.visitamalfi.info\/de\/#website","url":"https:\/\/www.visitamalfi.info\/de\/","name":"Visit Amalfi","description":"Amalfi Destination Official Website","publisher":{"@id":"https:\/\/www.visitamalfi.info\/de\/#organization"},"potentialAction":[{"@type":"SearchAction","target":{"@type":"EntryPoint","urlTemplate":"https:\/\/www.visitamalfi.info\/de\/?s={search_term_string}"},"query-input":{"@type":"PropertyValueSpecification","valueRequired":true,"valueName":"search_term_string"}}],"inLanguage":"de"},{"@type":"Organization","@id":"https:\/\/www.visitamalfi.info\/de\/#organization","name":"Visit Amalfi","url":"https:\/\/www.visitamalfi.info\/de\/","logo":{"@type":"ImageObject","inLanguage":"de","@id":"https:\/\/www.visitamalfi.info\/de\/#\/schema\/logo\/image\/","url":"https:\/\/www.visitamalfi.info\/wp-content\/uploads\/2023\/04\/visit-amalfi-logo-web.png","contentUrl":"https:\/\/www.visitamalfi.info\/wp-content\/uploads\/2023\/04\/visit-amalfi-logo-web.png","width":800,"height":870,"caption":"Visit Amalfi"},"image":{"@id":"https:\/\/www.visitamalfi.info\/de\/#\/schema\/logo\/image\/"},"sameAs":["https:\/\/www.facebook.com\/visitamalfiofficial","https:\/\/www.instagram.com\/visitamalfiofficial\/"]}]}},"_links":{"self":[{"href":"https:\/\/www.visitamalfi.info\/de\/wp-json\/wp\/v2\/pages\/18084","targetHints":{"allow":["GET"]}}],"collection":[{"href":"https:\/\/www.visitamalfi.info\/de\/wp-json\/wp\/v2\/pages"}],"about":[{"href":"https:\/\/www.visitamalfi.info\/de\/wp-json\/wp\/v2\/types\/page"}],"author":[{"embeddable":true,"href":"https:\/\/www.visitamalfi.info\/de\/wp-json\/wp\/v2\/users\/1"}],"replies":[{"embeddable":true,"href":"https:\/\/www.visitamalfi.info\/de\/wp-json\/wp\/v2\/comments?post=18084"}],"version-history":[{"count":0,"href":"https:\/\/www.visitamalfi.info\/de\/wp-json\/wp\/v2\/pages\/18084\/revisions"}],"wp:attachment":[{"href":"https:\/\/www.visitamalfi.info\/de\/wp-json\/wp\/v2\/media?parent=18084"}],"curies":[{"name":"wp","href":"https:\/\/api.w.org\/{rel}","templated":true}]}}